{"id":1194,"date":"2016-08-18T17:49:03","date_gmt":"2016-08-18T15:49:03","guid":{"rendered":"http:\/\/staritrgobkolpi.splet.arnes.si\/?page_id=1194"},"modified":"2025-12-23T12:21:03","modified_gmt":"2025-12-23T11:21:03","slug":"govorilne-ure","status":"publish","type":"page","link":"https:\/\/os-stari-trg-ok.si\/?page_id=1194","title":{"rendered":"Govorilne ure"},"content":{"rendered":"<p><span style=\"color: #000000\">Brez sodelovanja u\u010diteljev in star\u0161ev \u0161ola ne more biti uspe\u0161na. Zato bomo radi prisluhnili pobudam star\u0161ev in razvijali tudi neformalne oblike sodelovanja.<\/span><\/p>\n<p><span style=\"color: #000000\"><strong><em><span style=\"text-decoration: underline\">Popoldanska govorilna&nbsp; ura bo&nbsp; vsak&nbsp; drugi \u010detrtek&nbsp; v mesecu in sicer:<\/span><\/em><\/strong><\/span><\/p>\n<p><span style=\"color: #000000\">&nbsp;&nbsp;&nbsp;&nbsp; &#8211; od 15.00 &#8211; 16.00 za \u0161olo<\/span><\/p>\n<p><span style=\"color: #000000\">&nbsp;&nbsp;&nbsp;&nbsp; &#8211; ob 13.00 za vrtec<em><strong><br \/>\n<\/strong><\/em><\/span><\/p>\n<p><span style=\"color: #000000\"><strong><em><span style=\"text-decoration: underline\">Dopoldanske pogovorne&nbsp; ure&nbsp;<\/span><\/em><\/strong><\/span><\/p>\n<p><span style=\"color: #000000\">Potekale bodo v istem tednu kot popoldanske govorilne ure. Za dopoldanske govorilne ure je za\u017eeleno, da se preko komunikacije znotraj e-Asistenta vnaprej najavite pri posameznem u\u010ditelju.&nbsp;<\/span><\/p>\n<table style=\"width: 527px;border-collapse: collapse;text-align: left;height: 655px\">\n<thead>\n<tr style=\"background-color: #4f8f3f;color: #ffffff\">\n<th style=\"padding: 10px;border: 1px solid #ccc\">Ime in priimek<\/th>\n<th style=\"padding: 10px;border: 1px solid #ccc\">Dan in \u010das<\/th>\n<\/tr>\n<\/thead>\n<tbody>\n<tr style=\"background-color: #d9efd4\">\n<td style=\"padding: 10px;border: 1px solid #ccc\">Darjan Grudnik<\/td>\n<td style=\"padding: 10px;border: 1px solid #ccc\">po dogovoru<\/td>\n<\/tr>\n<tr>\n<td style=\"padding: 10px;border: 1px solid #ccc\">Matja\u017e Bari\u010d<\/td>\n<td style=\"padding: 10px;border: 1px solid #ccc\">po dogovoru<\/td>\n<\/tr>\n<tr style=\"background-color: #d9efd4\">\n<td style=\"padding: 10px;border: 1px solid #ccc\">Vik Brozovi\u010d<\/td>\n<td style=\"padding: 10px;border: 1px solid #ccc\">torek, 9.40 \u2013 10.25<\/td>\n<\/tr>\n<tr>\n<td style=\"padding: 10px;border: 1px solid #ccc\">Tadeja Cesar<\/td>\n<td style=\"padding: 10px;border: 1px solid #ccc\">torek, 8.40 \u2013 9.25<\/td>\n<\/tr>\n<tr style=\"background-color: #d9efd4\">\n<td style=\"padding: 10px;border: 1px solid #ccc\">Mitja Letig<\/td>\n<td style=\"padding: 10px;border: 1px solid #ccc\">po dogovoru<\/td>\n<\/tr>\n<tr>\n<td style=\"padding: 10px;border: 1px solid #ccc\">Mateja Oberstar<\/td>\n<td style=\"padding: 10px;border: 1px solid #ccc\">sreda, 8.40 \u2013 9.25<\/td>\n<\/tr>\n<tr style=\"background-color: #d9efd4\">\n<td style=\"padding: 10px;border: 1px solid #ccc\">Ga\u0161per Miheli\u010d<\/td>\n<td style=\"padding: 10px;border: 1px solid #ccc\">torek, 8.40 \u2013 9.25<\/td>\n<\/tr>\n<tr>\n<td style=\"padding: 10px;border: 1px solid #ccc\">Ingrid Miheli\u010d<\/td>\n<td style=\"padding: 10px;border: 1px solid #ccc\">petek, 10.20 \u2013 11.05<\/td>\n<\/tr>\n<tr style=\"background-color: #d9efd4\">\n<td style=\"padding: 10px;border: 1px solid #ccc\">Mojca Milavec<\/td>\n<td style=\"padding: 10px;border: 1px solid #ccc\">ponedeljek, 8.40 \u2013 9.25<\/td>\n<\/tr>\n<tr>\n<td style=\"padding: 10px;border: 1px solid #ccc\">Andreja Rade<\/td>\n<td style=\"padding: 10px;border: 1px solid #ccc\">po dogovoru<\/td>\n<\/tr>\n<tr style=\"background-color: #d9efd4\">\n<td style=\"padding: 10px;border: 1px solid #ccc\">Rok Rotar<\/td>\n<td style=\"padding: 10px;border: 1px solid #ccc\">ponedeljek, 10.30 \u2013 11.15<\/td>\n<\/tr>\n<tr>\n<td style=\"padding: 10px;border: 1px solid #ccc\">Darja Vesel<\/td>\n<td style=\"padding: 10px;border: 1px solid #ccc\">petek, 9.40 \u2013 10.25<\/td>\n<\/tr>\n<tr style=\"background-color: #d9efd4\">\n<td style=\"padding: 10px;border: 1px solid #ccc\">Vida Zupan\u010di\u010d<\/td>\n<td style=\"padding: 10px;border: 1px solid #ccc\">petek, 8.40 \u2013 9.25<\/td>\n<\/tr>\n<\/tbody>\n<\/table>\n<p>&nbsp;<br \/>\n<span style=\"color: #000000\">U\u010diteljice in vzgojiteljice v vrtcu imajo pogovorne ure po dogovoru.<\/span><\/p>\n<p>&nbsp;<\/p>\n<p>&nbsp;<\/p>\n<p>&nbsp;<\/p>\n","protected":false},"excerpt":{"rendered":"<p>Brez sodelovanja u\u010diteljev in star\u0161ev \u0161ola ne more biti uspe\u0161na. Zato bomo radi prisluhnili pobudam star\u0161ev in razvijali tudi neformalne oblike sodelovanja. Popoldanska govorilna&nbsp; ura bo&nbsp; vsak&nbsp; drugi \u010detrtek&nbsp; v [&hellip;]<\/p>\n","protected":false},"author":10001,"featured_media":0,"parent":0,"menu_order":0,"comment_status":"closed","ping_status":"closed","template":"","meta":{"ngg_post_thumbnail":0,"footnotes":""},"class_list":["post-1194","page","type-page","status-publish","hentry"],"_links":{"self":[{"href":"https:\/\/os-stari-trg-ok.si\/index.php?rest_route=\/wp\/v2\/pages\/1194","targetHints":{"allow":["GET"]}}],"collection":[{"href":"https:\/\/os-stari-trg-ok.si\/index.php?rest_route=\/wp\/v2\/pages"}],"about":[{"href":"https:\/\/os-stari-trg-ok.si\/index.php?rest_route=\/wp\/v2\/types\/page"}],"author":[{"embeddable":true,"href":"https:\/\/os-stari-trg-ok.si\/index.php?rest_route=\/wp\/v2\/users\/10001"}],"replies":[{"embeddable":true,"href":"https:\/\/os-stari-trg-ok.si\/index.php?rest_route=%2Fwp%2Fv2%2Fcomments&post=1194"}],"version-history":[{"count":19,"href":"https:\/\/os-stari-trg-ok.si\/index.php?rest_route=\/wp\/v2\/pages\/1194\/revisions"}],"predecessor-version":[{"id":21944,"href":"https:\/\/os-stari-trg-ok.si\/index.php?rest_route=\/wp\/v2\/pages\/1194\/revisions\/21944"}],"wp:attachment":[{"href":"https:\/\/os-stari-trg-ok.si\/index.php?rest_route=%2Fwp%2Fv2%2Fmedia&parent=1194"}],"curies":[{"name":"wp","href":"https:\/\/api.w.org\/{rel}","templated":true}]}}