{"id":1198,"date":"2016-08-18T17:51:45","date_gmt":"2016-08-18T15:51:45","guid":{"rendered":"http:\/\/staritrgobkolpi.splet.arnes.si\/?page_id=1198"},"modified":"2025-12-15T13:56:25","modified_gmt":"2025-12-15T12:56:25","slug":"roditeljski-sestanki","status":"publish","type":"page","link":"https:\/\/os-stari-trg-ok.si\/?page_id=1198","title":{"rendered":"Oddel\u010dni roditeljski sestanki"},"content":{"rendered":"<p><strong><em><span style=\"text-decoration: underline\">Roditeljski sestanki bodo po posameznih mesecih z vnaprej dolo\u010denimi vsebinami.<\/span><\/em><\/strong><\/p>\n<p>Oddel\u010dne roditeljske sestanke na\u010drtuje in izvede \u0161olska svetovalna delavka v sodelovanju z razredniki.<\/p>\n<p>V leto\u0161njem \u0161olskem letu na\u010drtujemo izvedbo naslednjih:<br \/>\n<strong>1. roditeljski sestanek: Vsi razredi, 11. 9. 2026<\/strong><br \/>\n<strong>2. roditeljski sestanek: 8., 9. razred \/ 11. 12. 2025:<\/strong><br \/>\n\u00bbVzgajati najstnika\u00ab, \u00bbPred vpisom v srednjo \u0161olo\u00ab \/ \u0161olska svetovalna delavka<br \/>\n<strong>2. oziroma 3. roditeljski sestanek: Vsi razredi, 12. 3. 2026:<\/strong><br \/>\n\u00bb\u0160ola za star\u0161e\u00ab \/ Mateja Petric iz Svetovalnega centra za otroke, mladostnike in star\u0161e<\/p>\n<p>Morebitni tretji oddel\u010dni roditeljski sestanek za oddelke od 1.-7. razreda oziroma \u010detrti za oddelek 8. in 9. razreda izvedejo razredniki v ustreznem drugem terminu glede na potrebe posameznega oddelka. Namenjen bo pregledu dela v \u0161olskem letu in drugi tematiki, vezani na posamezni oddelek (pripravi na vpis v srednje \u0161ole, pripravi valete, organizaciji in izvedbi drugih dejavnosti, \u0161ole v naravi in podobno). Obstajale bodo tudi druge oblike sodelovanja s star\u0161i. Pisne informacije bo \u0161ola posredovala star\u0161em skozi vse \u0161olsko leto. Pri\u010dakujemo, da bodo star\u0161i sodelovali pri posameznih aktivnostih na \u0161oli, kot so pouk, ekskurzije, interesne dejavnosti, projekti, delovne akcije, organiziranje obiska in predstavitve njihovega podjetja ipd.<\/p>\n<p>&nbsp;<\/p>\n","protected":false},"excerpt":{"rendered":"<p>Roditeljski sestanki bodo po posameznih mesecih z vnaprej dolo\u010denimi vsebinami. Oddel\u010dne roditeljske sestanke na\u010drtuje in izvede \u0161olska svetovalna delavka v sodelovanju z razredniki. V leto\u0161njem \u0161olskem letu na\u010drtujemo izvedbo naslednjih: [&hellip;]<\/p>\n","protected":false},"author":10001,"featured_media":0,"parent":0,"menu_order":0,"comment_status":"closed","ping_status":"closed","template":"","meta":{"ngg_post_thumbnail":0,"footnotes":""},"class_list":["post-1198","page","type-page","status-publish","hentry"],"_links":{"self":[{"href":"https:\/\/os-stari-trg-ok.si\/index.php?rest_route=\/wp\/v2\/pages\/1198","targetHints":{"allow":["GET"]}}],"collection":[{"href":"https:\/\/os-stari-trg-ok.si\/index.php?rest_route=\/wp\/v2\/pages"}],"about":[{"href":"https:\/\/os-stari-trg-ok.si\/index.php?rest_route=\/wp\/v2\/types\/page"}],"author":[{"embeddable":true,"href":"https:\/\/os-stari-trg-ok.si\/index.php?rest_route=\/wp\/v2\/users\/10001"}],"replies":[{"embeddable":true,"href":"https:\/\/os-stari-trg-ok.si\/index.php?rest_route=%2Fwp%2Fv2%2Fcomments&post=1198"}],"version-history":[{"count":11,"href":"https:\/\/os-stari-trg-ok.si\/index.php?rest_route=\/wp\/v2\/pages\/1198\/revisions"}],"predecessor-version":[{"id":21762,"href":"https:\/\/os-stari-trg-ok.si\/index.php?rest_route=\/wp\/v2\/pages\/1198\/revisions\/21762"}],"wp:attachment":[{"href":"https:\/\/os-stari-trg-ok.si\/index.php?rest_route=%2Fwp%2Fv2%2Fmedia&parent=1198"}],"curies":[{"name":"wp","href":"https:\/\/api.w.org\/{rel}","templated":true}]}}