{"id":1202,"date":"2016-08-18T17:53:36","date_gmt":"2016-08-18T15:53:36","guid":{"rendered":"http:\/\/staritrgobkolpi.splet.arnes.si\/?page_id=1202"},"modified":"2024-02-13T11:14:38","modified_gmt":"2024-02-13T10:14:38","slug":"uporabne-povezave","status":"publish","type":"page","link":"https:\/\/os-stari-trg-ok.si\/?page_id=1202","title":{"rendered":"Uporabne spletne povezave"},"content":{"rendered":"<p><span style=\"color: #000000\">Za u\u010dence, star\u0161e in u\u010ditelje:<br \/>\n<\/span><\/p>\n<ul>\n<li><span style=\"color: #008000\"><a style=\"color: #008000\" href=\"https:\/\/www.lahkonocnice.si\/\">Slovenske pravljice za lahkono\u010d<\/a><\/span><\/li>\n<li><span style=\"color: #008000\"><a style=\"color: #008000\" href=\"http:\/\/www.piki.si\">PIKI<\/a><\/span><\/li>\n<li><span style=\"color: #008000\"><a style=\"color: #008000\" href=\"https:\/\/www.otroci.org\/\">Otroci.org<\/a> (delovni listi &#8230;)<\/span><\/li>\n<li><span style=\"color: #008000\"><a style=\"color: #008000\" href=\"http:\/\/www.lilibi.si\/\" target=\"_blank\" rel=\"noopener\">Izobra\u017eevalni portal Lilibi<\/a><\/span><\/li>\n<li><span style=\"color: #008000\"><a style=\"color: #008000\" href=\"https:\/\/www.radovednih-pet.si\/osnovna_stran\" target=\"_blank\" rel=\"noopener\">Radovednih pet<\/a><\/span><\/li>\n<li><span style=\"color: #008000\"><a style=\"color: #008000\" href=\"https:\/\/eucbeniki.sio.si\/\" target=\"_blank\" rel=\"noopener\">I-U\u010dbeniki&nbsp;<\/a>&nbsp;&nbsp;&nbsp; <\/span><\/li>\n<li><span style=\"color: #008000\"><a style=\"color: #008000\" href=\"http:\/\/www.devetletka.net\/\" target=\"_blank\" rel=\"noopener\">9letka<\/a><\/span><\/li>\n<li><span style=\"color: #008000\"><a style=\"color: #008000\" href=\"http:\/\/www.uciteljska.net\/\" target=\"_blank\" rel=\"noopener\">U\u010diteljska.net<\/a><\/span><\/li>\n<li><span style=\"color: #008000\"><a style=\"color: #008000\" href=\"https:\/\/scratch.mit.edu\/\" target=\"_blank\" rel=\"noopener\">Scratch<\/a><\/span><\/li>\n<li><span style=\"color: #008000\"><a style=\"color: #008000\" href=\"https:\/\/code.org\/\" target=\"_blank\" rel=\"noopener\">Code.org<\/a><\/span><\/li>\n<li><span style=\"color: #008000\"><a style=\"color: #008000\" href=\"http:\/\/casoris.si\/\" target=\"_blank\" rel=\"noopener\">\u010casoris<\/a><\/span><\/li>\n<li><span style=\"color: #008000\"><a style=\"color: #008000\" href=\"http:\/\/4d.rtvslo.si\/\" target=\"_blank\" rel=\"noopener\">RTV 4D<\/a><\/span><\/li>\n<li><span style=\"color: #008000\"><a style=\"color: #008000\" href=\"http:\/\/www.nijz.si\/\" target=\"_blank\" rel=\"noopener\">Nacionalni in\u0161titut za javno zdravje<\/a><\/span><\/li>\n<li><span style=\"color: #008000\"><a style=\"color: #008000\" href=\"https:\/\/znamza5.si\/brezplacno-gradivo-osnovna-sola\/\">Znam za 5 &#8211; Pomo\u010d pri matematiki za u\u010dence 7. &#8211; 9. razreda<\/a><\/span><\/li>\n<li><span style=\"color: #008000\"><a style=\"color: #008000\" href=\"https:\/\/www.ego4u.com\/\">U\u010denje angle\u0161\u010dine 1<\/a><\/span><\/li>\n<li><span style=\"color: #008000\"><a style=\"color: #008000\" href=\"https:\/\/www.englisch-hilfen.de\/en\/\">U\u010denje angle\u0161\u010dine 2<\/a><\/span><\/li>\n<li><span style=\"color: #008000\"><a style=\"color: #008000\" href=\"http:\/\/www.e-um.si\/index.php\">Interaktivno u\u010denje matematike<\/a> <span style=\"color: #000000\"><br \/>\n<\/span><\/span><\/li>\n<li><span style=\"color: #008000\"><a style=\"color: #008000\" href=\"http:\/\/www.zupca.net\/\">\u017dupca.net&nbsp;<\/a> <span style=\"color: #000000\">(za 1. triado)<\/span><\/span><\/li>\n<li><span style=\"color: #008000\"><a style=\"color: #008000\" href=\"http:\/\/www2.arnes.si\/~mlavri17\/OPB1OSSG\/\">Kako doma izdelati in\u0161trument?<\/a><\/span><\/li>\n<li><span style=\"color: #008000\"><a style=\"color: #008000\" href=\"http:\/\/www.antus.si\/ustvarjanje\/ideje\/bozic\/\">Ustvarjalne ideje<\/a><\/span><\/li>\n<li><span style=\"color: #008000\"><a style=\"color: #008000\" href=\"http:\/\/www.clipart.com\/en\/\">Razli\u010dne sli\u010dice in izrezki<\/a><\/span><\/li>\n<li><span style=\"color: #008000\"><a style=\"color: #008000\" href=\"http:\/\/www2.arnes.si\/~abanko\/vodnik\/\">Vodnik za \u0161toparje skozi fotografijo in PhotoFiltre<\/a><\/span><\/li>\n<li><span style=\"color: #008000\"><a style=\"color: #008000\" href=\"https:\/\/www.artrage.com\/demos\/\">Program za risanje<\/a><\/span><\/li>\n<li><span style=\"color: #008000\"><a style=\"color: #008000\" href=\"https:\/\/interaktivne-vaje.si\/\">Interaktivne vaje<\/a><\/span><\/li>\n<\/ul>\n<p><span style=\"color: #000000\">Predstavitev poklicev:<\/span><\/p>\n<ul>\n<li><span style=\"color: #008000\"><a style=\"color: #008000\" href=\"https:\/\/www.mojaizbira.si\/poklici\">Poklici <\/a><\/span><\/li>\n<li><span style=\"color: #008000\"><a style=\"color: #008000\" href=\"https:\/\/karierniplac.si\/asset\/RhD9ACr3PSgGj25sx\">Karierni plac <\/a><\/span><\/li>\n<li><span style=\"color: #008000\"><a style=\"color: #008000\" href=\"https:\/\/www.youtube.com\/results?search_query=to+bo+moj+poklic\">To bo moj poklic <\/a><\/span><\/li>\n<\/ul>\n<p><span style=\"color: #000000\">Pomo\u010d:<\/span><\/p>\n<ul>\n<li><span style=\"color: #008000\"><a style=\"color: #008000\" href=\"http:\/\/safe.si\/\">Safe.si \u2013 Center za varnej\u0161i internet za vse starostne skupine<\/a><\/span><\/li>\n<li><span style=\"color: #008000\"><a style=\"color: #008000\" href=\"http:\/\/www.e-tom.si\/\">TOM Telefon<\/a><\/span><\/li>\n<li><span style=\"color: #008000\"><a style=\"color: #008000\" href=\"http:\/\/safe.si\/spletno-oko\">Spletno OKO<\/a><\/span><\/li>\n<li><span style=\"color: #008000\"><a style=\"color: #008000\" href=\"http:\/\/www.potnaprej.si\/\">Pot naprej<\/a><\/span><\/li>\n<li><span style=\"color: #008000\"><a style=\"color: #008000\" href=\"https:\/\/familylab.si\/\">Familylab<\/a><\/span><\/li>\n<li><span style=\"color: #008000\"><a style=\"color: #008000\" href=\"http:\/\/www.drustvo-zenska-svetovalnica.si\/\">\u017denska svetovalnica<\/a><\/span><\/li>\n<\/ul>\n<p><span style=\"color: #000000\">Ostalo:<\/span><\/p>\n<ul>\n<li><span style=\"color: #008000\"><a style=\"color: #008000\" href=\"http:\/\/www.mizs.gov.si\/\" target=\"_blank\" rel=\"noopener\">Ministrstvo za izobra\u017eevanje, znanost in \u0161port<\/a><\/span><\/li>\n<li><span style=\"color: #008000\"><a style=\"color: #008000\" href=\"http:\/\/www.zrss.si\/\">Zavod za \u0161olstvo<\/a><\/span><\/li>\n<li><span style=\"color: #008000\"><a style=\"color: #008000\" href=\"http:\/\/www.crnomelj.si\/\">Ob\u010dina \u010crnomelj<\/a><\/span><\/li>\n<li><span style=\"color: #008000\"><a style=\"color: #008000\" href=\"http:\/\/sio.si\/\">Portal SIO<\/a><\/span><\/li>\n<li><span style=\"color: #008000\"><a style=\"color: #008000\" href=\"http:\/\/www.arnes.si\/\">Arnes<\/a><\/span><\/li>\n<\/ul>\n","protected":false},"excerpt":{"rendered":"<p>Za u\u010dence, star\u0161e in u\u010ditelje: Slovenske pravljice za lahkono\u010d PIKI Otroci.org (delovni listi &#8230;) Izobra\u017eevalni portal Lilibi Radovednih pet I-U\u010dbeniki&nbsp;&nbsp;&nbsp;&nbsp; 9letka U\u010diteljska.net Scratch Code.org \u010casoris RTV 4D Nacionalni in\u0161titut za [&hellip;]<\/p>\n","protected":false},"author":10001,"featured_media":0,"parent":0,"menu_order":0,"comment_status":"closed","ping_status":"closed","template":"","meta":{"ngg_post_thumbnail":0,"footnotes":""},"class_list":["post-1202","page","type-page","status-publish","hentry"],"_links":{"self":[{"href":"https:\/\/os-stari-trg-ok.si\/index.php?rest_route=\/wp\/v2\/pages\/1202","targetHints":{"allow":["GET"]}}],"collection":[{"href":"https:\/\/os-stari-trg-ok.si\/index.php?rest_route=\/wp\/v2\/pages"}],"about":[{"href":"https:\/\/os-stari-trg-ok.si\/index.php?rest_route=\/wp\/v2\/types\/page"}],"author":[{"embeddable":true,"href":"https:\/\/os-stari-trg-ok.si\/index.php?rest_route=\/wp\/v2\/users\/10001"}],"replies":[{"embeddable":true,"href":"https:\/\/os-stari-trg-ok.si\/index.php?rest_route=%2Fwp%2Fv2%2Fcomments&post=1202"}],"version-history":[{"count":9,"href":"https:\/\/os-stari-trg-ok.si\/index.php?rest_route=\/wp\/v2\/pages\/1202\/revisions"}],"predecessor-version":[{"id":18323,"href":"https:\/\/os-stari-trg-ok.si\/index.php?rest_route=\/wp\/v2\/pages\/1202\/revisions\/18323"}],"wp:attachment":[{"href":"https:\/\/os-stari-trg-ok.si\/index.php?rest_route=%2Fwp%2Fv2%2Fmedia&parent=1202"}],"curies":[{"name":"wp","href":"https:\/\/api.w.org\/{rel}","templated":true}]}}