{"id":14278,"date":"2021-07-02T13:04:03","date_gmt":"2021-07-02T11:04:03","guid":{"rendered":"http:\/\/staritrgobkolpi.splet.arnes.si\/?page_id=14278"},"modified":"2021-07-02T13:06:58","modified_gmt":"2021-07-02T11:06:58","slug":"politika-varovanja-zasebnosti","status":"publish","type":"page","link":"https:\/\/os-stari-trg-ok.si\/?page_id=14278","title":{"rendered":"Politika varovanja zasebnosti"},"content":{"rendered":"<p><span style=\"color: #000000\"><strong>VAROVANJE OSEBNIH PODATKOV<\/strong><\/span><\/p>\n<p><span style=\"color: #000000\">Zavedamo se pomena zasebnosti in si prizadevamo, da so va\u0161i osebni podatki pri nas za\u0161\u010diteni skladno z veljavno zakonodajo. V ta namen smo oblikovali tudi interna pravila in postopke ter vzpostavili tehni\u010dne in organizacijske ukrepe, s pomo\u010djo katerih zagotavljamo ustrezno raven varnosti pri obdelavi osebnih podatkov in uresni\u010devanje pravic posameznikov.<\/span><\/p>\n<p><span style=\"color: #000000\">Uveljavljene imamo tehni\u010dne in organizacijske ukrepe, s katerimi zagotavljamo varstvo va\u0161ih podatkov. In sicer tako, da se varujejo prostori, oprema, sistemska in\/ali aplikativna programska oprema (vklju\u010dno z vhodno-izhodnimi enotami). Zagotavlja se sledljivost obdelave, u\u010dinkovit na\u010din blokiranja, uni\u010denja, izbrisa ter \u010de je mogo\u010de anonimiziranje, psevdonimiziranje in \u0161ifriranje osebnih podatkov. Zagotavlja se stalna zaupnost, celovitost in odpornost sistemov ter storitev za obdelavo in zmoz\u030cnost pravoc\u030casne povrnitve razpoloz\u030cljivosti osebnih podatkov v primeru varnostnega incidenta. Izvaja se postopke rednega testiranja, ocenjevanja in vrednotenja uc\u030cinkovitosti tehnic\u030cnih in organizacijskih ukrepov, vklju\u010dno z usposabljanjem oseb, ki osebne podatke obdelujejo in zagotavljanjem zakonitosti obdelave. Zaposleni, ki uporabljajo va\u0161e osebne podatke, so\u00a0jih zavezani skrbno varovati. S sklenitvijo pogodbe k temu zave\u017eemo tudi vse zunanje sodelavce, ki se ukvarjajo z izpolnjevanjem pogodbenih obveznosti in zagotavljanjem podpornih storitev.<\/span><\/p>\n<p><span style=\"color: #000000\">Druge bolj podrobne informacije o obdelavi osebnih podatkov v Osnovni \u0161oli Stari trg ob Kolpi, Stari trg ob Kolpi 7, 8342 Stari trg ob Kolpi (e-naslov: o-staritrg.nm@guest.arnes.si), ki je tudi upravljavec va\u0161ih osebnih podatkov: katere osebne podatke zbiramo, kako jih pridobimo, zakaj jih zbiramo, kako jih uporabljamo, varujemo, in koliko \u010dasa jih hranimo, so zbrane v obliki Informacij za posameznike o obdelavi osebnih podatkov in drugih splo\u0161nih informacijah za uresni\u010devanje pravic posameznika v zvezi s tem. Dostopne so v tajni\u0161tvu na\u0161e \u0161ole. Za vsa vpra\u0161anja povezana z obdelavo va\u0161ih osebnih podatkov ali z uresni\u010devanjem va\u0161ih pravic v zvezi z njihovo obdelavo, lahko stopite tudi v stik z na\u0161o poobla\u0161\u010denko za varstvo osebnih podatkov (DPO): Andreja Mrak (e-naslov: o-staritrg.nm@guest.arnes.si).<\/span><\/p>\n<p><span style=\"color: #000000\">Kadarkoli lahko namre\u010d zahtevate tudi popravek, izbris, omejitev obdelave, prenos podatkov ali dostop do osebnih podatkov. Jam\u010dimo vam tudi vso ostalo spo\u0161tovanje zasebnosti, kot jih odlo\u010dajo veljavna zakonodaja in na\u0161i interni akti.\u00a0Zoper na\u0161o odlo\u010ditev o va\u0161i zahtevi je vedno mogo\u010de vlo\u017eiti prito\u017ebo na nadzorni organ, ki je v Republiki Sloveniji Informacijski poobla\u0161\u010denec.<\/span><\/p>\n<p><span style=\"color: #000000\">V primeru kr\u0161itev varstva osebnih podatkov bomo nemudoma izvedli vse notranje in zunanje postopke in ukrepe (tudi tehni\u010dne in organizacijske) za za\u0161\u010dito pravic posameznika. Na na\u010din in pod pogoji veljavne zakonodaje se bo o tem obvestilo tudi nadzorni organ in posameznika.<\/span><\/p>\n<p><span style=\"color: #000000\">Sprejeli smo vse potrebne ukrepe, in \u0161e naprej se bomo trudili, da zagotovimo, da se va\u0161i podatki obravnavajo varno in v skladu s Splo\u0161no uredbo o varstvu osebnih podatkov, veljavno zakonodajo in na\u0161imi internimi akti.<\/span><\/p>\n<p><span style=\"color: #000000\"><strong>\u00a0<\/strong><\/span><\/p>\n<p><span style=\"color: #000000\"><strong>Pi\u0161kotki in internet<\/strong><\/span><\/p>\n<p><span style=\"color: #000000\">Na\u0161e spletno mesto uporablja pi\u0161kotke, da vas lo\u010di od drugih uporabnikov na\u0161ega spletnega mesta. Pomagajo nam, da vam lahko zagotovimo dobro uporabni\u0161ko izku\u0161njo, ko brskate po spletnem mestu. Hkrati pa nam omogo\u010dajo, da izbolj\u0161amo spletno stran. Podrobnej\u0161e informacije o pi\u0161kotkih, ki jih uporabljamo, in nameni, za katere jih uporabljamo, so opredeljeni na dnu na\u0161ega spletnega mesta. Pi\u0161kotek je namre\u010d majhna datoteka, ki zahteva dovoljenje za namestitev na trdi disk ra\u010dunalnika in omogo\u010da ponovno uporabo. Pi\u0161kotki vam omogoc\u030cijo prijavo na spletno mesto oziroma v na\u0161e storitve, in prikaz na spletu prilagodijo vam. Spletna aplikacija lahko namre\u010d svoje dejavnosti prilagodi va\u0161im potrebam in preferencam, tako da zbira in si zapomni informacije o va\u0161ih \u017eeljah. Pi\u0161kotek nam nikakor ne omogo\u010da dostopa do va\u0161ega ra\u010dunalnika ali kakr\u0161nihkoli podatkov o vas, razen podatkov, ki jih izberete, da jih delite z nami.<\/span><\/p>\n<p><span style=\"color: #000000\">Prenos informacij prek interneta ni popolnoma varen. \u010ceprav bomo po svojih najbolj\u0161ih mo\u010deh za\u0161\u010ditili va\u0161e osebne podatke, ne moremo zagotoviti varnosti prenosa va\u0161ih podatkov na spletno mesto; vsak prenos je na lastno odgovornost. Ko bomo prejeli va\u0161e podatke, pa bomo za prepre\u010ditev nepoobla\u0161\u010denega dostopa uporabili stroge postopke in varnostne funkcije.<\/span><\/p>\n<p><span style=\"color: #000000\">Osebni podatki, ki jih zberemo od vas, bodo obdelovani in hranjeni znotraj Evropskega gospodarskega prostora (&#8220;EEA&#8221;).<\/span><\/p>\n","protected":false},"excerpt":{"rendered":"<p>VAROVANJE OSEBNIH PODATKOV Zavedamo se pomena zasebnosti in si prizadevamo, da so va\u0161i osebni podatki pri nas za\u0161\u010diteni skladno z veljavno zakonodajo. V ta namen smo oblikovali tudi interna pravila [&hellip;]<\/p>\n","protected":false},"author":47315,"featured_media":0,"parent":0,"menu_order":0,"comment_status":"closed","ping_status":"closed","template":"","meta":{"ngg_post_thumbnail":0,"footnotes":""},"class_list":["post-14278","page","type-page","status-publish","hentry"],"_links":{"self":[{"href":"https:\/\/os-stari-trg-ok.si\/index.php?rest_route=\/wp\/v2\/pages\/14278","targetHints":{"allow":["GET"]}}],"collection":[{"href":"https:\/\/os-stari-trg-ok.si\/index.php?rest_route=\/wp\/v2\/pages"}],"about":[{"href":"https:\/\/os-stari-trg-ok.si\/index.php?rest_route=\/wp\/v2\/types\/page"}],"author":[{"embeddable":true,"href":"https:\/\/os-stari-trg-ok.si\/index.php?rest_route=\/wp\/v2\/users\/47315"}],"replies":[{"embeddable":true,"href":"https:\/\/os-stari-trg-ok.si\/index.php?rest_route=%2Fwp%2Fv2%2Fcomments&post=14278"}],"version-history":[{"count":2,"href":"https:\/\/os-stari-trg-ok.si\/index.php?rest_route=\/wp\/v2\/pages\/14278\/revisions"}],"predecessor-version":[{"id":14281,"href":"https:\/\/os-stari-trg-ok.si\/index.php?rest_route=\/wp\/v2\/pages\/14278\/revisions\/14281"}],"wp:attachment":[{"href":"https:\/\/os-stari-trg-ok.si\/index.php?rest_route=%2Fwp%2Fv2%2Fmedia&parent=14278"}],"curies":[{"name":"wp","href":"https:\/\/api.w.org\/{rel}","templated":true}]}}