{"id":15,"date":"2011-03-12T16:17:14","date_gmt":"2011-03-12T15:17:14","guid":{"rendered":"http:\/\/staritrgobkolpi.splet.arnes.si\/2011\/03\/12\/sploni-podatki\/"},"modified":"2026-01-22T11:30:33","modified_gmt":"2026-01-22T10:30:33","slug":"sploni-podatki","status":"publish","type":"page","link":"https:\/\/os-stari-trg-ok.si\/?page_id=15","title":{"rendered":"Splo\u0161ni podatki"},"content":{"rendered":"<p style=\"text-align: left\"><strong>Osnovna \u0161ola Stari trg ob Kolpi<\/strong><\/p>\n<p style=\"text-align: left\"><strong>VVE pri O\u0160&nbsp;Stari trg ob Kolpi<\/strong><\/p>\n<p style=\"text-align: left\"><strong>Stari trg&nbsp;ob Kolpi&nbsp;7<\/strong><\/p>\n<p style=\"text-align: left\"><strong>8342 Stari trg ob Kolpi<\/strong><\/p>\n<p>&nbsp;<\/p>\n<h4>Kontakti:<\/h4>\n<div class=\"textwidget\">\n<p><span class=\"action\"><span class=\"value\">07 30 55 102&nbsp; (\u0161ola)<br \/>\n<\/span><\/span><\/p>\n<p><span class=\"action\"><span class=\"value\"> info@os-staritrgok.si<\/span><\/span><\/p>\n<p>07 30 55 163 (vrtec)<\/p>\n<\/div>\n<p><strong>R<\/strong><strong>avnatelj<\/strong>: Darjan Grudnik<\/p>\n<h4>Delovni \u010das:<\/h4>\n<div>\n<p>\u0160ola je odprta od ponedeljka do petka (razen med prazniki in v \u010dasu po\u010ditnic):<br \/>\n&#8211; tajni\u0161tvo vsak delovnik od 7.30 do 14.30<br \/>\n&#8211; pouk traja od 7.50 do 14.45<br \/>\n&#8211; \u0161ola je odprta od 6.00 do 19.00<\/p>\n<p>Vrtec je odprt od ponedeljka do petka od 5.30 do 16.15.<\/p>\n<\/div>\n","protected":false},"excerpt":{"rendered":"<p>Osnovna \u0161ola Stari trg ob Kolpi VVE pri O\u0160&nbsp;Stari trg ob Kolpi Stari trg&nbsp;ob Kolpi&nbsp;7 8342 Stari trg ob Kolpi &nbsp; Kontakti: 07 30 55 102&nbsp; (\u0161ola) info@os-staritrgok.si 07 30 [&hellip;]<\/p>\n","protected":false},"author":5516,"featured_media":0,"parent":0,"menu_order":2,"comment_status":"open","ping_status":"open","template":"","meta":{"ngg_post_thumbnail":0,"footnotes":""},"class_list":["post-15","page","type-page","status-publish","hentry"],"_links":{"self":[{"href":"https:\/\/os-stari-trg-ok.si\/index.php?rest_route=\/wp\/v2\/pages\/15","targetHints":{"allow":["GET"]}}],"collection":[{"href":"https:\/\/os-stari-trg-ok.si\/index.php?rest_route=\/wp\/v2\/pages"}],"about":[{"href":"https:\/\/os-stari-trg-ok.si\/index.php?rest_route=\/wp\/v2\/types\/page"}],"author":[{"embeddable":true,"href":"https:\/\/os-stari-trg-ok.si\/index.php?rest_route=\/wp\/v2\/users\/5516"}],"replies":[{"embeddable":true,"href":"https:\/\/os-stari-trg-ok.si\/index.php?rest_route=%2Fwp%2Fv2%2Fcomments&post=15"}],"version-history":[{"count":8,"href":"https:\/\/os-stari-trg-ok.si\/index.php?rest_route=\/wp\/v2\/pages\/15\/revisions"}],"predecessor-version":[{"id":21947,"href":"https:\/\/os-stari-trg-ok.si\/index.php?rest_route=\/wp\/v2\/pages\/15\/revisions\/21947"}],"wp:attachment":[{"href":"https:\/\/os-stari-trg-ok.si\/index.php?rest_route=%2Fwp%2Fv2%2Fmedia&parent=15"}],"curies":[{"name":"wp","href":"https:\/\/api.w.org\/{rel}","templated":true}]}}