{"id":18308,"date":"2024-08-28T13:00:07","date_gmt":"2024-08-28T11:00:07","guid":{"rendered":"https:\/\/staritrgobkolpi.splet.arnes.si\/?page_id=18308"},"modified":"2024-08-28T13:16:51","modified_gmt":"2024-08-28T11:16:51","slug":"odjava-prehrane","status":"publish","type":"page","link":"https:\/\/os-stari-trg-ok.si\/?page_id=18308","title":{"rendered":"Odjava prehrane"},"content":{"rendered":"<p>Spo\u0161tovani.<\/p>\n<p>Odjavo prehrane lahko opravite preko telefona (<strong><span class=\"action\"><span class=\"value\">07 30 55 102<\/span><\/span><\/strong>) ali<\/p>\n<p>e-po\u0161te (<span id=\"cloak15f2102d5223ec3541deafe939afbc6a\"><a href=\"mailto:odjava-prehrane@osbos.si\"><span class=\"action\"><span class=\"value\">o-staritrg.nm@guest.arnes.si<\/span><\/span><\/a><\/span>).<\/p>\n<p>Pri odjavi sporo\u010dite:<\/p>\n<ul>\n<li>Ime in priimek va\u0161ega otroka<\/li>\n<li>Oddelek, ki ga otrok obiskuje<\/li>\n<li>Odsotnot otroka (od\/do)<\/li>\n<li>Katere obroke odjavljate<\/li>\n<\/ul>\n<p>Posamezni obrok je pravo\u010dasno odjavljen, \u010de ga star\u0161 oz. zakoniti zastopnik odjavi najkasneje isti dan do 8. ure. Odjava prehrane za nazaj ni mogo\u010da. Nepravo\u010dasna odjava pomeni za star\u0161e oz. zakonitega zastopnika pla\u010dilo polne cene obroka.<\/p>\n<p>Hvala za razumevanje.<\/p>\n","protected":false},"excerpt":{"rendered":"<p>Spo\u0161tovani. Odjavo prehrane lahko opravite preko telefona (07 30 55 102) ali e-po\u0161te (o-staritrg.nm@guest.arnes.si). Pri odjavi sporo\u010dite: Ime in priimek va\u0161ega otroka Oddelek, ki ga otrok obiskuje Odsotnot otroka (od\/do) [&hellip;]<\/p>\n","protected":false},"author":91022,"featured_media":0,"parent":0,"menu_order":0,"comment_status":"closed","ping_status":"closed","template":"","meta":{"ngg_post_thumbnail":0,"footnotes":""},"class_list":["post-18308","page","type-page","status-publish","hentry"],"_links":{"self":[{"href":"https:\/\/os-stari-trg-ok.si\/index.php?rest_route=\/wp\/v2\/pages\/18308","targetHints":{"allow":["GET"]}}],"collection":[{"href":"https:\/\/os-stari-trg-ok.si\/index.php?rest_route=\/wp\/v2\/pages"}],"about":[{"href":"https:\/\/os-stari-trg-ok.si\/index.php?rest_route=\/wp\/v2\/types\/page"}],"author":[{"embeddable":true,"href":"https:\/\/os-stari-trg-ok.si\/index.php?rest_route=\/wp\/v2\/users\/91022"}],"replies":[{"embeddable":true,"href":"https:\/\/os-stari-trg-ok.si\/index.php?rest_route=%2Fwp%2Fv2%2Fcomments&post=18308"}],"version-history":[{"count":6,"href":"https:\/\/os-stari-trg-ok.si\/index.php?rest_route=\/wp\/v2\/pages\/18308\/revisions"}],"predecessor-version":[{"id":18312,"href":"https:\/\/os-stari-trg-ok.si\/index.php?rest_route=\/wp\/v2\/pages\/18308\/revisions\/18312"}],"wp:attachment":[{"href":"https:\/\/os-stari-trg-ok.si\/index.php?rest_route=%2Fwp%2Fv2%2Fmedia&parent=18308"}],"curies":[{"name":"wp","href":"https:\/\/api.w.org\/{rel}","templated":true}]}}