{"id":18832,"date":"2024-11-14T09:01:34","date_gmt":"2024-11-14T08:01:34","guid":{"rendered":"https:\/\/staritrgobkolpi.splet.arnes.si\/?page_id=18832"},"modified":"2026-03-20T09:37:52","modified_gmt":"2026-03-20T08:37:52","slug":"kontakti-zaposlenih","status":"publish","type":"page","link":"https:\/\/os-stari-trg-ok.si\/?page_id=18832","title":{"rendered":"Kontakti zaposlenih"},"content":{"rendered":"<p><strong>Elektronski po\u0161tni naslovi strokovnih delavcev<\/strong><\/p>\n<table style=\"width: 529px;border-collapse: collapse;text-align: left;height: 593px\">\n<thead>\n<tr style=\"background-color: #4f8f3f;color: #ffffff\">\n<th style=\"padding: 10px;border: 1px solid #ccc\"><strong>Ime in priimek<\/strong><\/th>\n<th style=\"padding: 10px;border: 1px solid #ccc\"><strong>Slu\u017ebeni elektronski naslov<\/strong><\/th>\n<\/tr>\n<\/thead>\n<tbody>\n<tr style=\"background-color: #d9efd4\">\n<td style=\"padding: 10px;border: 1px solid #ccc\">Vik BROZOVI\u010c<\/td>\n<td style=\"padding: 10px;border: 1px solid #ccc\"><a href=\"mailto:vik.brozovic@os-staritrgok.si\">vik.brozovic@os-staritrgok.si<\/a><\/td>\n<\/tr>\n<tr>\n<td style=\"padding: 10px;border: 1px solid #ccc\">Tadeja CESAR<\/td>\n<td style=\"padding: 10px;border: 1px solid #ccc\"><a href=\"mailto:tadeja.cesar@os-staritrgok.si\">tadeja.cesar@os-staritrgok.si<\/a><\/td>\n<\/tr>\n<tr style=\"background-color: #d9efd4\">\n<td style=\"padding: 10px;border: 1px solid #ccc\">Mitja LETIG<\/td>\n<td style=\"padding: 10px;border: 1px solid #ccc\"><a href=\"mailto:mitja.letig@os-staritrgok.si\">mitja.letig@os-staritrgok.si<\/a><\/td>\n<\/tr>\n<tr>\n<td style=\"padding: 10px;border: 1px solid #ccc\">Ingrid MIHELI\u010c<\/td>\n<td style=\"padding: 10px;border: 1px solid #ccc\"><a href=\"mailto:ingrid.mihelic@os-staritrgok.si\">ingrid.mihelic@os-staritrgok.si<\/a><\/td>\n<\/tr>\n<tr style=\"background-color: #d9efd4\">\n<td style=\"padding: 10px;border: 1px solid #ccc\">Ga\u0161per MIHELI\u010c<\/td>\n<td style=\"padding: 10px;border: 1px solid #ccc\"><a href=\"mailto:gasper.mihelic@os-staritrgok.si\">gasper.mihelic@os-staritrgok.si<\/a><\/td>\n<\/tr>\n<tr>\n<td style=\"padding: 10px;border: 1px solid #ccc\">Mojca MILAVEC<\/td>\n<td style=\"padding: 10px;border: 1px solid #ccc\"><a href=\"mailto:mojca.milavec@os-staritrgok.si\">mojca.milavec@os-staritrgok.si<\/a><\/td>\n<\/tr>\n<tr style=\"background-color: #d9efd4\">\n<td style=\"padding: 10px;border: 1px solid #ccc\">Mateja OBERSTAR<\/td>\n<td style=\"padding: 10px;border: 1px solid #ccc\"><a href=\"mailto:mateja.oberstar@os-staritrgok.si\">mateja.oberstar@os-staritrgok.si<\/a><\/td>\n<\/tr>\n<tr>\n<td style=\"padding: 10px;border: 1px solid #ccc\">Tamara PINTARI\u010c<\/td>\n<td style=\"padding: 10px;border: 1px solid #ccc\"><a href=\"mailto:tamara.pintaric@os-staritrgok.si\">tamara.pintaric@os-staritrgok.si<\/a><\/td>\n<\/tr>\n<tr style=\"background-color: #d9efd4\">\n<td style=\"padding: 10px;border: 1px solid #ccc\">Rok ROTAR<\/td>\n<td style=\"padding: 10px;border: 1px solid #ccc\"><a href=\"mailto:rok.rotar@os-staritrgok.si\">rok.rotar@os-staritrgok.si<\/a><\/td>\n<\/tr>\n<tr>\n<td style=\"padding: 10px;border: 1px solid #ccc\">Darja VESEL<\/td>\n<td style=\"padding: 10px;border: 1px solid #ccc\"><a href=\"mailto:darja.vesel@os-staritrgok.si\">darja.vesel@os-staritrgok.si<\/a><\/td>\n<\/tr>\n<tr style=\"background-color: #d9efd4\">\n<td style=\"padding: 10px;border: 1px solid #ccc\">Vida ZUPAN\u010cI\u010c<\/td>\n<td style=\"padding: 10px;border: 1px solid #ccc\"><a href=\"mailto:vida.zupancic@os-staritrgok.si\">vida.zupancic@os-staritrgok.si<\/a><\/td>\n<\/tr>\n<\/tbody>\n<\/table>\n<p>&nbsp;<\/p>\n<p><strong>Elektronski po\u0161tni naslovi ostalih zaposlenih<\/strong><\/p>\n<table style=\"width: 531px;border-collapse: collapse;text-align: left;height: 527px\">\n<thead>\n<tr style=\"background-color: #4f8f3f;color: #ffffff\">\n<th style=\"padding: 10px;border: 1px solid #ccc\"><strong>Ime in priimek<\/strong><\/th>\n<th style=\"padding: 10px;border: 1px solid #ccc\"><strong>Slu\u017ebeni elektronski naslov<\/strong><\/th>\n<\/tr>\n<\/thead>\n<tbody>\n<tr style=\"background-color: #d9efd4\">\n<td style=\"padding: 10px;border: 1px solid #ccc\">Tajnica: Mojca BREZNIK<\/td>\n<td style=\"padding: 10px;border: 1px solid #ccc\"><a href=\"mailto:mojca.breznik@os-staritrgok.si\">mojca.breznik@os-staritrgok.si<\/a><\/td>\n<\/tr>\n<tr>\n<td style=\"padding: 10px;border: 1px solid #ccc\">Svetovalna delavka: Andreja RADE<\/td>\n<td style=\"padding: 10px;border: 1px solid #ccc\"><a href=\"mailto:andreja.rade@os-staritrgok.si\">andreja.rade@os-staritrgok.si<\/a><\/td>\n<\/tr>\n<tr style=\"background-color: #d9efd4\">\n<td style=\"padding: 10px;border: 1px solid #ccc\">Hi\u0161nik: Roman \u017dLOGAR<\/td>\n<td style=\"padding: 10px;border: 1px solid #ccc\"><a href=\"mailto:roman.zlogar@os-staritrgok.si\">roman.zlogar@os-staritrgok.si<\/a><\/td>\n<\/tr>\n<tr>\n<td style=\"padding: 10px;border: 1px solid #ccc\">Kuharica: Helena FERDERBER<\/td>\n<td style=\"padding: 10px;border: 1px solid #ccc\"><a href=\"mailto:helena.ferderber@os-staritrgok.si\">helena.ferderber@os-staritrgok.si<\/a><\/td>\n<\/tr>\n<tr style=\"background-color: #d9efd4\">\n<td style=\"padding: 10px;border: 1px solid #ccc\">Vzgojiteljica: Andreja SVETI\u010c<\/td>\n<td style=\"padding: 10px;border: 1px solid #ccc\"><a href=\"mailto:andreja.svetic@os-staritrgok.si\">andreja.svetic@os-staritrgok.si<\/a><\/td>\n<\/tr>\n<tr>\n<td style=\"padding: 10px;border: 1px solid #ccc\">Vzgojiteljica: Anja MIHEV<\/td>\n<td style=\"padding: 10px;border: 1px solid #ccc\"><a href=\"anja.jakljevic@os-staritrgok.si\">anja.jakljevic@os-staritrgok.si<\/a><\/td>\n<\/tr>\n<tr style=\"background-color: #d9efd4\">\n<td style=\"padding: 10px;border: 1px solid #ccc\">Pomo\u010dnik vzgojitelja: Eva \u0160TEFANI\u010c&nbsp;<\/td>\n<td style=\"padding: 10px;border: 1px solid #ccc\"><a href=\"eva.stefanic@os-staritrgok.si\">eva.stefanic@os-staritrgok.si<\/a><\/td>\n<\/tr>\n<\/tbody>\n<\/table>\n","protected":false},"excerpt":{"rendered":"<p>Elektronski po\u0161tni naslovi strokovnih delavcev Ime in priimek Slu\u017ebeni elektronski naslov Vik BROZOVI\u010c vik.brozovic@os-staritrgok.si Tadeja CESAR tadeja.cesar@os-staritrgok.si Mitja LETIG mitja.letig@os-staritrgok.si Ingrid MIHELI\u010c ingrid.mihelic@os-staritrgok.si Ga\u0161per MIHELI\u010c gasper.mihelic@os-staritrgok.si Mojca MILAVEC mojca.milavec@os-staritrgok.si Mateja [&hellip;]<\/p>\n","protected":false},"author":91022,"featured_media":0,"parent":0,"menu_order":0,"comment_status":"closed","ping_status":"closed","template":"","meta":{"ngg_post_thumbnail":0,"footnotes":""},"class_list":["post-18832","page","type-page","status-publish","hentry"],"_links":{"self":[{"href":"https:\/\/os-stari-trg-ok.si\/index.php?rest_route=\/wp\/v2\/pages\/18832","targetHints":{"allow":["GET"]}}],"collection":[{"href":"https:\/\/os-stari-trg-ok.si\/index.php?rest_route=\/wp\/v2\/pages"}],"about":[{"href":"https:\/\/os-stari-trg-ok.si\/index.php?rest_route=\/wp\/v2\/types\/page"}],"author":[{"embeddable":true,"href":"https:\/\/os-stari-trg-ok.si\/index.php?rest_route=\/wp\/v2\/users\/91022"}],"replies":[{"embeddable":true,"href":"https:\/\/os-stari-trg-ok.si\/index.php?rest_route=%2Fwp%2Fv2%2Fcomments&post=18832"}],"version-history":[{"count":15,"href":"https:\/\/os-stari-trg-ok.si\/index.php?rest_route=\/wp\/v2\/pages\/18832\/revisions"}],"predecessor-version":[{"id":22342,"href":"https:\/\/os-stari-trg-ok.si\/index.php?rest_route=\/wp\/v2\/pages\/18832\/revisions\/22342"}],"wp:attachment":[{"href":"https:\/\/os-stari-trg-ok.si\/index.php?rest_route=%2Fwp%2Fv2%2Fmedia&parent=18832"}],"curies":[{"name":"wp","href":"https:\/\/api.w.org\/{rel}","templated":true}]}}