{"id":18837,"date":"2024-11-14T09:06:14","date_gmt":"2024-11-14T08:06:14","guid":{"rendered":"https:\/\/staritrgobkolpi.splet.arnes.si\/?page_id=18837"},"modified":"2025-12-24T11:34:58","modified_gmt":"2025-12-24T10:34:58","slug":"organi-sole","status":"publish","type":"page","link":"https:\/\/os-stari-trg-ok.si\/?page_id=18837","title":{"rendered":"Strokovni organi zavoda"},"content":{"rendered":"<p><strong>Strokovni organi zavoda<\/strong><br \/>\n\u2022 u\u010diteljski zbor<br \/>\n\u2022 razredniki<br \/>\n\u2022 strokovni aktivi<\/p>\n<p><strong>U\u010diteljski zbor sestavljajo vsi u\u010ditelji, ki pou\u010dujejo na \u0161oli.<\/strong><\/p>\n<p><strong>U\u010ditelji razredniki:<\/strong><\/p>\n<table style=\"width: 100%;border-collapse: collapse;text-align: left\">\n<thead>\n<tr style=\"background-color: #4f8f3f;color: #ffffff\">\n<th style=\"padding: 10px;border: 1px solid #ccc\">RAZRED<\/th>\n<th style=\"padding: 10px;border: 1px solid #ccc\">U\u010cITELJ<\/th>\n<th style=\"padding: 10px;border: 1px solid #ccc\">PREDMET\/DELOVNA OBVEZNOST<\/th>\n<\/tr>\n<\/thead>\n<tbody>\n<tr style=\"background-color: #d9efd4\">\n<td style=\"padding: 10px;border: 1px solid #ccc\">1. in 2. razred<\/td>\n<td style=\"padding: 10px;border: 1px solid #ccc\">Darja Vesel<\/td>\n<td style=\"padding: 10px;border: 1px solid #ccc\">U\u010diteljica razrednega pouka.<\/td>\n<\/tr>\n<tr>\n<td style=\"padding: 10px;border: 1px solid #ccc\">3. in 4. razred<\/td>\n<td style=\"padding: 10px;border: 1px solid #ccc\">Ingrid Miheli\u010d<\/td>\n<td style=\"padding: 10px;border: 1px solid #ccc\">U\u010diteljica razrednega pouka.<\/td>\n<\/tr>\n<tr style=\"background-color: #d9efd4\">\n<td style=\"padding: 10px;border: 1px solid #ccc\">5. razred<\/td>\n<td style=\"padding: 10px;border: 1px solid #ccc\">Ga\u0161per Miheli\u010d<\/td>\n<td style=\"padding: 10px;border: 1px solid #ccc\">U\u010ditelj razrednega pouka.<\/td>\n<\/tr>\n<tr>\n<td style=\"padding: 10px;border: 1px solid #ccc\">6. in 7. razred<\/td>\n<td style=\"padding: 10px;border: 1px solid #ccc\">Mojca Milavec<\/td>\n<td style=\"padding: 10px;border: 1px solid #ccc\">U\u010diteljica angle\u0161\u010dine.<\/td>\n<\/tr>\n<tr style=\"background-color: #d9efd4\">\n<td style=\"padding: 10px;border: 1px solid #ccc\">8. in 9. razred<\/td>\n<td style=\"padding: 10px;border: 1px solid #ccc\">Vik Brozovi\u010d<\/td>\n<td style=\"padding: 10px;border: 1px solid #ccc\">U\u010ditelj \u0161porta in v oddelku OPB.<\/td>\n<\/tr>\n<\/tbody>\n<\/table>\n<p>&nbsp;<\/p>\n<p><strong>Drugi u\u010ditelji:<\/strong><\/p>\n<table style=\"width: 100%;border-collapse: collapse;text-align: left\">\n<thead>\n<tr style=\"background-color: #4f8f3f;color: #ffffff\">\n<th style=\"padding: 10px;border: 1px solid #ccc\">U\u010cITELJ<\/th>\n<th style=\"padding: 10px;border: 1px solid #ccc\">PREDMET \/ DELOVNA OBVEZNOST<\/th>\n<\/tr>\n<\/thead>\n<tbody>\n<tr style=\"background-color: #d9efd4\">\n<td style=\"padding: 10px;border: 1px solid #ccc\">Tamara Pintari\u010d<\/td>\n<td style=\"padding: 10px;border: 1px solid #ccc\">Druga strokovna delavka v 1. in 2. razredu in u\u010diteljica likovne umetnosti.<\/td>\n<\/tr>\n<tr>\n<td style=\"padding: 10px;border: 1px solid #ccc\">Vida Zupan\u010di\u010d<\/td>\n<td style=\"padding: 10px;border: 1px solid #ccc\">U\u010diteljica sloven\u0161\u010dine in knji\u017eni\u010darka.<\/td>\n<\/tr>\n<tr style=\"background-color: #d9efd4\">\n<td style=\"padding: 10px;border: 1px solid #ccc\">Darjan Grudnik<\/td>\n<td style=\"padding: 10px;border: 1px solid #ccc\">Ravnatelj in u\u010ditelj geografije.<\/td>\n<\/tr>\n<tr>\n<td style=\"padding: 10px;border: 1px solid #ccc\">Mateja Oberstar<\/td>\n<td style=\"padding: 10px;border: 1px solid #ccc\">U\u010diteljica zgodovine, DKE, DRU in v oddelku OPB.<\/td>\n<\/tr>\n<tr style=\"background-color: #d9efd4\">\n<td style=\"padding: 10px;border: 1px solid #ccc\">Mitja Letig<\/td>\n<td style=\"padding: 10px;border: 1px solid #ccc\">U\u010ditelj glasbene umetnosti.<\/td>\n<\/tr>\n<tr>\n<td style=\"padding: 10px;border: 1px solid #ccc\">Tadeja Cesar<\/td>\n<td style=\"padding: 10px;border: 1px solid #ccc\">U\u010diteljica matematike, ra\u010dunalnikar \u2013 organizator informacijskih dejavnosti.<\/td>\n<\/tr>\n<tr style=\"background-color: #d9efd4\">\n<td style=\"padding: 10px;border: 1px solid #ccc\">Rok Rotar<\/td>\n<td style=\"padding: 10px;border: 1px solid #ccc\">U\u010ditelj naravoslovja, kemije, biologije in v oddelku OPB ter organizator<br \/>\n\u0161olske prehrane ter zdravstveno \u2013 higienskega re\u017eima.<\/td>\n<\/tr>\n<tr>\n<td style=\"padding: 10px;border: 1px solid #ccc\">Matja\u017e Bari\u010d<\/td>\n<td style=\"padding: 10px;border: 1px solid #ccc\">Specialni pedagog.<\/td>\n<\/tr>\n<\/tbody>\n<\/table>\n<p>&nbsp;<br \/>\n<strong>Strokovni aktivi:<\/strong><br \/>\nNa \u0161oli imamo naslednje strokovne aktive:<br \/>\n\u2022 aktiv razredne stopnje (vodja aktiva Ingrid Miheli\u010d)<br \/>\n\u2022 aktiv predmetne stopnje (vodja aktiva Tadeja Cesar)<br \/>\n\u2022 jezikoslovni aktiv (vodja aktiva Mojca Milavec)<br \/>\n\u2022 dru\u017eboslovno naravoslovni aktiv (vodja Darjan Grudnik)<br \/>\n\u2022 aktiv OPB (vodja Vik Brozovi\u010d)<\/p>\n<p>&nbsp;<\/p>\n","protected":false},"excerpt":{"rendered":"<p>Strokovni organi zavoda \u2022 u\u010diteljski zbor \u2022 razredniki \u2022 strokovni aktivi U\u010diteljski zbor sestavljajo vsi u\u010ditelji, ki pou\u010dujejo na \u0161oli. U\u010ditelji razredniki: RAZRED U\u010cITELJ PREDMET\/DELOVNA OBVEZNOST 1. in 2. razred [&hellip;]<\/p>\n","protected":false},"author":91022,"featured_media":0,"parent":0,"menu_order":0,"comment_status":"closed","ping_status":"closed","template":"","meta":{"ngg_post_thumbnail":0,"footnotes":""},"class_list":["post-18837","page","type-page","status-publish","hentry"],"_links":{"self":[{"href":"https:\/\/os-stari-trg-ok.si\/index.php?rest_route=\/wp\/v2\/pages\/18837","targetHints":{"allow":["GET"]}}],"collection":[{"href":"https:\/\/os-stari-trg-ok.si\/index.php?rest_route=\/wp\/v2\/pages"}],"about":[{"href":"https:\/\/os-stari-trg-ok.si\/index.php?rest_route=\/wp\/v2\/types\/page"}],"author":[{"embeddable":true,"href":"https:\/\/os-stari-trg-ok.si\/index.php?rest_route=\/wp\/v2\/users\/91022"}],"replies":[{"embeddable":true,"href":"https:\/\/os-stari-trg-ok.si\/index.php?rest_route=%2Fwp%2Fv2%2Fcomments&post=18837"}],"version-history":[{"count":16,"href":"https:\/\/os-stari-trg-ok.si\/index.php?rest_route=\/wp\/v2\/pages\/18837\/revisions"}],"predecessor-version":[{"id":21913,"href":"https:\/\/os-stari-trg-ok.si\/index.php?rest_route=\/wp\/v2\/pages\/18837\/revisions\/21913"}],"wp:attachment":[{"href":"https:\/\/os-stari-trg-ok.si\/index.php?rest_route=%2Fwp%2Fv2%2Fmedia&parent=18837"}],"curies":[{"name":"wp","href":"https:\/\/api.w.org\/{rel}","templated":true}]}}