{"id":18845,"date":"2024-11-14T09:12:57","date_gmt":"2024-11-14T08:12:57","guid":{"rendered":"https:\/\/staritrgobkolpi.splet.arnes.si\/?page_id=18845"},"modified":"2026-02-11T10:33:08","modified_gmt":"2026-02-11T09:33:08","slug":"npz","status":"publish","type":"page","link":"https:\/\/os-stari-trg-ok.si\/?page_id=18845","title":{"rendered":"Nacionalno preverjanje znanja (NPZ)"},"content":{"rendered":"<p>Publikacija s podrobnej\u0161imi informacijami o NPZ za u\u010dence in star\u0161e je objavljena na naslednji povezavi:<br \/>\n<a href=\"https:\/\/os-stari-trg-ok.si\/files\/2025\/11\/Predstavitveni-letak-NPZ_SLO_2026_splet.pdf\">Informacije za u\u010dence in star\u0161e 2025\/2026<\/a><\/p>\n<p>Splo\u0161ne informacije o NPZ so zbrane na naslednji povezavi:<br \/>\n<a href=\"https:\/\/www.ric.si\/nacionalno-preverjanje-znanja\/splosne-informacije\/\">Splo\u0161ne informacije &#8211; Nacionalno preverjanje znanja (ric.si)<\/a><\/p>\n<p>V leto\u0161njem letu bo preverjanje potekalo po vnaprej na\u010drtovanem koledarju in sicer:<br \/>\n<strong>za u\u010dence 3. razreda<\/strong><br \/>\nredni rok:<br \/>\n&#8211; sloven\u0161\u010dina: ponedeljek, 23. 3. 2026<br \/>\n&#8211; matematika: torek, 31. 3. 2026<\/p>\n<p><strong>za u\u010dence 6. razreda<\/strong><br \/>\nredni rok:<br \/>\n&#8211; sloven\u0161\u010dina: ponedeljek, 23. 3. 2026<br \/>\n&#8211; tuji jezik, angle\u0161\u010dina: sreda, 25. 3. 2026<br \/>\n&#8211; matematika: torek, 31. 3. 2026<\/p>\n<p><strong>za u\u010dence 9. razreda<\/strong><br \/>\nredni rok:<br \/>\n&#8211; sloven\u0161\u010dina: ponedeljek, 23. 3. 2026<br \/>\n&#8211; tretji predmet \u2013 zgodovina: sreda, 25. 3. 2026.<br \/>\n&#8211; matematika: torek, 31. 3. 2026<\/p>\n<p>IZVEDBENI NA\u010cRT \u0160OLE ZA NPZ za \u0161olsko leto 2025\/26 je objavljen na naslednji <a href=\"https:\/\/os-stari-trg-ok.si\/files\/2026\/02\/Izvedbeni-nacrt-NPZ-za-solsko-leto-25-26.pdf\">povezavi<\/a>.<\/p>\n<p>&nbsp;<\/p>\n","protected":false},"excerpt":{"rendered":"<p>Publikacija s podrobnej\u0161imi informacijami o NPZ za u\u010dence in star\u0161e je objavljena na naslednji povezavi: Informacije za u\u010dence in star\u0161e 2025\/2026 Splo\u0161ne informacije o NPZ so zbrane na naslednji povezavi: [&hellip;]<\/p>\n","protected":false},"author":91022,"featured_media":0,"parent":0,"menu_order":0,"comment_status":"closed","ping_status":"closed","template":"","meta":{"ngg_post_thumbnail":0,"footnotes":""},"class_list":["post-18845","page","type-page","status-publish","hentry"],"_links":{"self":[{"href":"https:\/\/os-stari-trg-ok.si\/index.php?rest_route=\/wp\/v2\/pages\/18845","targetHints":{"allow":["GET"]}}],"collection":[{"href":"https:\/\/os-stari-trg-ok.si\/index.php?rest_route=\/wp\/v2\/pages"}],"about":[{"href":"https:\/\/os-stari-trg-ok.si\/index.php?rest_route=\/wp\/v2\/types\/page"}],"author":[{"embeddable":true,"href":"https:\/\/os-stari-trg-ok.si\/index.php?rest_route=\/wp\/v2\/users\/91022"}],"replies":[{"embeddable":true,"href":"https:\/\/os-stari-trg-ok.si\/index.php?rest_route=%2Fwp%2Fv2%2Fcomments&post=18845"}],"version-history":[{"count":15,"href":"https:\/\/os-stari-trg-ok.si\/index.php?rest_route=\/wp\/v2\/pages\/18845\/revisions"}],"predecessor-version":[{"id":22071,"href":"https:\/\/os-stari-trg-ok.si\/index.php?rest_route=\/wp\/v2\/pages\/18845\/revisions\/22071"}],"wp:attachment":[{"href":"https:\/\/os-stari-trg-ok.si\/index.php?rest_route=%2Fwp%2Fv2%2Fmedia&parent=18845"}],"curies":[{"name":"wp","href":"https:\/\/api.w.org\/{rel}","templated":true}]}}