{"id":18894,"date":"2024-11-14T10:32:29","date_gmt":"2024-11-14T09:32:29","guid":{"rendered":"https:\/\/staritrgobkolpi.splet.arnes.si\/?page_id=18894"},"modified":"2025-12-24T11:33:10","modified_gmt":"2025-12-24T10:33:10","slug":"organizacija-dela-sole","status":"publish","type":"page","link":"https:\/\/os-stari-trg-ok.si\/?page_id=18894","title":{"rendered":"Organizacija dela \u0161ole"},"content":{"rendered":"<p><strong>Pouk<\/strong><br \/>\n\u0160olsko leto se za\u010dne 1. septembra 2025 in kon\u010da 31. avgusta 2026. Pouk v \u0161olskem letu traja 35 tednov po 5 dni, izjemoma lahko pouk v posameznem tednu traja 6 dni, \u010de je tako dolo\u010deno v \u0161olskem koledarju, ki ga oblikuje MVI, ali v letnem delovnem na\u010drtu \u0161ole. Ura pouka traja 45 minut, ura podalj\u0161anega bivanja pa 50 min.<\/p>\n<p><strong>Ocenjevalna obdobja<\/strong><br \/>\n\u0160olsko leto se deli na dve ocenjevalni obdobji. V \u0161olskem letu 2025\/2026 sta:<br \/>\n1. ocenjevalno obdobje od 2. septembra 2025 do 30. januarja 2026,<br \/>\n2. ocenjevalno obdobje od 2. februarja 2025 do 24. junija 2026.<br \/>\nZaklju\u010dek pouka za u\u010dence 9. razreda je 15. junija, za vse ostale pa 24. junija 2025.<\/p>\n<p><strong>Ocenjevalne konference:<\/strong><br \/>\n1. ocenjevalna konferenca (RS in PS): sreda, 28. 1. 2026.<br \/>\n2. ocenjevalna konferenca za 9. razred: \u010detrtek, 11. 6. 2026.<br \/>\n2. ocenjevalna konferenca 1.\u2013 8. razreda: \u010detrtek, 19. 6. 2026.<\/p>\n<p><strong>Roki za u\u010dence, ki se izobra\u017eujejo na domu:<\/strong><br \/>\n\u2022 1. rok za u\u010dence od 1. \u2013 8. razreda: od 2. februarja do 24. junija 2026,<br \/>\n\u2022 1. rok za u\u010dence 9. razreda: od 2. februarja do 15. junija 2026,<br \/>\n\u2022 2. rok za vse u\u010dence: od 18. do 31. avgusta 2026<\/p>\n<p><strong>Izpitni roki za predmetne in popravne izpite:<\/strong><\/p>\n<table style=\"width: 523px;border-collapse: collapse;text-align: left;height: 184px\">\n<thead>\n<tr style=\"background-color: #4f8f3f;color: #ffffff\">\n<th style=\"padding: 10px;border: 1px solid #cccccc;text-align: center\">&nbsp;<\/th>\n<th style=\"padding: 10px;border: 1px solid #cccccc;text-align: center\">RAZRED<\/th>\n<th style=\"padding: 10px;border: 1px solid #cccccc;text-align: center\">DATUM<\/th>\n<\/tr>\n<\/thead>\n<tbody>\n<tr style=\"background-color: #d9efd4\">\n<td style=\"padding: 10px;border: 1px solid #cccccc;text-align: center\">1. rok<\/td>\n<td style=\"padding: 10px;border: 1px solid #cccccc;text-align: center\">9.<\/td>\n<td style=\"padding: 10px;border: 1px solid #cccccc;text-align: center\">16. 6. &#8211; 30. 6. 2026<\/td>\n<\/tr>\n<tr>\n<td style=\"padding: 10px;border: 1px solid #cccccc;text-align: center\">1. rok<\/td>\n<td style=\"padding: 10px;border: 1px solid #cccccc;text-align: center\">1. &#8211; 8.<\/td>\n<td style=\"padding: 10px;border: 1px solid #cccccc;text-align: center\">26. 6. &#8211; 9. 7. 2026<\/td>\n<\/tr>\n<tr style=\"background-color: #d9efd4\">\n<td style=\"padding: 10px;border: 1px solid #cccccc;text-align: center\">2. rok<\/td>\n<td style=\"padding: 10px;border: 1px solid #cccccc;text-align: center\">1. &#8211; 9.<\/td>\n<td style=\"padding: 10px;border: 1px solid #cccccc;text-align: center\">18. 8. &#8211; 31. 8. 2026<\/td>\n<\/tr>\n<\/tbody>\n<\/table>\n<p>&nbsp;<\/p>\n<p><strong>Prihod v \u0161olo<\/strong><br \/>\nU\u010denci nevoza\u010di ali tisti, ki jih pripeljejo star\u0161i, prihajajo v \u0161olo pet minut pred pri\u010detkom pouka, voza\u010di pa po voznem redu \u0161olskega prevoznika. V garderobi v pritli\u010dju se preobujejo, odlo\u017eijo vrhnja obla\u010dila in odidejo pred u\u010dilnico, kjer imajo pouk. Prihod v \u0161olo spremlja de\u017eurni u\u010ditelj. V \u0161olskih prostorih so u\u010denci obuti v hi\u0161ne copate. Za pouk \u0161porta in ostalih dejavnosti na igri\u0161\u010du oziroma izven \u0161olske stavbe pa so obuti v \u0161portne copate.<\/p>\n","protected":false},"excerpt":{"rendered":"<p>Pouk \u0160olsko leto se za\u010dne 1. septembra 2025 in kon\u010da 31. avgusta 2026. Pouk v \u0161olskem letu traja 35 tednov po 5 dni, izjemoma lahko pouk v posameznem tednu traja [&hellip;]<\/p>\n","protected":false},"author":91022,"featured_media":0,"parent":0,"menu_order":0,"comment_status":"closed","ping_status":"closed","template":"","meta":{"ngg_post_thumbnail":0,"footnotes":""},"class_list":["post-18894","page","type-page","status-publish","hentry"],"_links":{"self":[{"href":"https:\/\/os-stari-trg-ok.si\/index.php?rest_route=\/wp\/v2\/pages\/18894","targetHints":{"allow":["GET"]}}],"collection":[{"href":"https:\/\/os-stari-trg-ok.si\/index.php?rest_route=\/wp\/v2\/pages"}],"about":[{"href":"https:\/\/os-stari-trg-ok.si\/index.php?rest_route=\/wp\/v2\/types\/page"}],"author":[{"embeddable":true,"href":"https:\/\/os-stari-trg-ok.si\/index.php?rest_route=\/wp\/v2\/users\/91022"}],"replies":[{"embeddable":true,"href":"https:\/\/os-stari-trg-ok.si\/index.php?rest_route=%2Fwp%2Fv2%2Fcomments&post=18894"}],"version-history":[{"count":13,"href":"https:\/\/os-stari-trg-ok.si\/index.php?rest_route=\/wp\/v2\/pages\/18894\/revisions"}],"predecessor-version":[{"id":21910,"href":"https:\/\/os-stari-trg-ok.si\/index.php?rest_route=\/wp\/v2\/pages\/18894\/revisions\/21910"}],"wp:attachment":[{"href":"https:\/\/os-stari-trg-ok.si\/index.php?rest_route=%2Fwp%2Fv2%2Fmedia&parent=18894"}],"curies":[{"name":"wp","href":"https:\/\/api.w.org\/{rel}","templated":true}]}}