{"id":18920,"date":"2024-11-14T11:15:40","date_gmt":"2024-11-14T10:15:40","guid":{"rendered":"https:\/\/staritrgobkolpi.splet.arnes.si\/?page_id=18920"},"modified":"2025-11-20T11:43:10","modified_gmt":"2025-11-20T10:43:10","slug":"varstvo-vozacev","status":"publish","type":"page","link":"https:\/\/os-stari-trg-ok.si\/?page_id=18920","title":{"rendered":"Varstvo voza\u010dev"},"content":{"rendered":"<p>V \u0161ol. l. 2025\/2026 bo varstvo voza\u010dev potekalo vsak dan od prihoda v \u0161olo do za\u010detka pouka, po koncu pouka in v \u010dasu, ko u\u010denci 6.\u20139. r. niso vklju\u010deni v nobeno vzgojno-izobra\u017eevalno dejavnost. U\u010ditelji, ki bodo izvajali varstvo, bodo to vklju\u010dili v svoj iLDN.<\/p>\n","protected":false},"excerpt":{"rendered":"<p>V \u0161ol. l. 2025\/2026 bo varstvo voza\u010dev potekalo vsak dan od prihoda v \u0161olo do za\u010detka pouka, po koncu pouka in v \u010dasu, ko u\u010denci 6.\u20139. r. niso vklju\u010deni v [&hellip;]<\/p>\n","protected":false},"author":91022,"featured_media":0,"parent":0,"menu_order":0,"comment_status":"closed","ping_status":"closed","template":"","meta":{"ngg_post_thumbnail":0,"footnotes":""},"class_list":["post-18920","page","type-page","status-publish","hentry"],"_links":{"self":[{"href":"https:\/\/os-stari-trg-ok.si\/index.php?rest_route=\/wp\/v2\/pages\/18920","targetHints":{"allow":["GET"]}}],"collection":[{"href":"https:\/\/os-stari-trg-ok.si\/index.php?rest_route=\/wp\/v2\/pages"}],"about":[{"href":"https:\/\/os-stari-trg-ok.si\/index.php?rest_route=\/wp\/v2\/types\/page"}],"author":[{"embeddable":true,"href":"https:\/\/os-stari-trg-ok.si\/index.php?rest_route=\/wp\/v2\/users\/91022"}],"replies":[{"embeddable":true,"href":"https:\/\/os-stari-trg-ok.si\/index.php?rest_route=%2Fwp%2Fv2%2Fcomments&post=18920"}],"version-history":[{"count":3,"href":"https:\/\/os-stari-trg-ok.si\/index.php?rest_route=\/wp\/v2\/pages\/18920\/revisions"}],"predecessor-version":[{"id":21396,"href":"https:\/\/os-stari-trg-ok.si\/index.php?rest_route=\/wp\/v2\/pages\/18920\/revisions\/21396"}],"wp:attachment":[{"href":"https:\/\/os-stari-trg-ok.si\/index.php?rest_route=%2Fwp%2Fv2%2Fmedia&parent=18920"}],"curies":[{"name":"wp","href":"https:\/\/api.w.org\/{rel}","templated":true}]}}