{"id":20616,"date":"2025-08-27T09:02:56","date_gmt":"2025-08-27T07:02:56","guid":{"rendered":"https:\/\/staritrgobkolpi.splet.arnes.si\/?page_id=20616"},"modified":"2025-12-23T12:52:26","modified_gmt":"2025-12-23T11:52:26","slug":"solski-prevozi","status":"publish","type":"page","link":"https:\/\/os-stari-trg-ok.si\/?page_id=20616","title":{"rendered":"\u0160olski prevozi"},"content":{"rendered":"<p>U\u010denec, ki je oddaljen od \u0161ole ve\u010d kot 4 km, ima pravico do brezpla\u010dnega prevoza v \u0161olo in domov. \u0160ola mora poskrbeti za prevoz otrok ne glede na oddaljenost od \u0161ole, \u010de je ogro\u017eena njihova varnost na poti v \u0161olo. Varnost \u0161olske poti ugotovi Svet za preventivo in vzgojo v cestnem prometu, \u0161ola pa ima izdelan dokument Prometno varnostni na\u010drt.<br \/>\n\u0160olski prevoz izvaja O\u0161trman Tours, d. o. o., Kova\u010da vas 6, 8342 Stari trg ob Kolpi.<\/p>\n<table style=\"width: 464px;border-collapse: collapse;text-align: center;height: 414px\">\n<thead>\n<tr style=\"background-color: #4f8f3f;color: #ffffff\">\n<th style=\"padding: 10px;border: 1px solid #333\">KRAJ ODHODA<\/th>\n<th style=\"padding: 10px;border: 1px solid #333\">\u010cAS ODHODA<\/th>\n<\/tr>\n<\/thead>\n<tbody>\n<tr style=\"background-color: #d9efd4\">\n<td style=\"padding: 8px;border: 1px solid #333\">Kne\u017eja Lipa<\/td>\n<td style=\"padding: 8px;border: 1px solid #333\">7.10<\/td>\n<\/tr>\n<tr>\n<td style=\"padding: 8px;border: 1px solid #333\">Brezovica<\/td>\n<td style=\"padding: 8px;border: 1px solid #333\">7.15<\/td>\n<\/tr>\n<tr style=\"background-color: #d9efd4\">\n<td style=\"padding: 8px;border: 1px solid #333\">Kralji<\/td>\n<td style=\"padding: 8px;border: 1px solid #333\">7.20<\/td>\n<\/tr>\n<tr>\n<td style=\"padding: 8px;border: 1px solid #333\">Podgora<\/td>\n<td style=\"padding: 8px;border: 1px solid #333\">7.25<\/td>\n<\/tr>\n<tr style=\"background-color: #d9efd4\">\n<td style=\"padding: 8px;border: 1px solid #333\">Zagozdac, Jelenja vas<\/td>\n<td style=\"padding: 8px;border: 1px solid #333\">7.30<\/td>\n<\/tr>\n<tr>\n<td style=\"padding: 8px;border: 1px solid #333\">Predgrad<\/td>\n<td style=\"padding: 8px;border: 1px solid #333\">7.35<\/td>\n<\/tr>\n<tr style=\"background-color: #d9efd4\">\n<td style=\"padding: 8px;border: 1px solid #333\">Kova\u010da vas, Deskova vas<\/td>\n<td style=\"padding: 8px;border: 1px solid #333\">7.40<\/td>\n<\/tr>\n<tr>\n<td style=\"padding: 8px;border: 1px solid #333\">Radenci<\/td>\n<td style=\"padding: 8px;border: 1px solid #333\">7.20<\/td>\n<\/tr>\n<tr style=\"background-color: #d9efd4\">\n<td style=\"padding: 8px;border: 1px solid #333\">Sodevci<\/td>\n<td style=\"padding: 8px;border: 1px solid #333\">7.25<\/td>\n<\/tr>\n<tr>\n<td style=\"padding: 8px;border: 1px solid #333\">Dol<\/td>\n<td style=\"padding: 8px;border: 1px solid #333\">7.30<\/td>\n<\/tr>\n<\/tbody>\n<\/table>\n<p>&nbsp;<\/p>\n<p>Odhod domov v vse smeri:<br \/>\n1. razvoz &#8211; 12.25<br \/>\n2. razvoz &#8211; 14.50<\/p>\n","protected":false},"excerpt":{"rendered":"<p>U\u010denec, ki je oddaljen od \u0161ole ve\u010d kot 4 km, ima pravico do brezpla\u010dnega prevoza v \u0161olo in domov. \u0160ola mora poskrbeti za prevoz otrok ne glede na oddaljenost od [&hellip;]<\/p>\n","protected":false},"author":91022,"featured_media":0,"parent":0,"menu_order":0,"comment_status":"closed","ping_status":"closed","template":"","meta":{"ngg_post_thumbnail":0,"footnotes":""},"class_list":["post-20616","page","type-page","status-publish","hentry"],"_links":{"self":[{"href":"https:\/\/os-stari-trg-ok.si\/index.php?rest_route=\/wp\/v2\/pages\/20616","targetHints":{"allow":["GET"]}}],"collection":[{"href":"https:\/\/os-stari-trg-ok.si\/index.php?rest_route=\/wp\/v2\/pages"}],"about":[{"href":"https:\/\/os-stari-trg-ok.si\/index.php?rest_route=\/wp\/v2\/types\/page"}],"author":[{"embeddable":true,"href":"https:\/\/os-stari-trg-ok.si\/index.php?rest_route=\/wp\/v2\/users\/91022"}],"replies":[{"embeddable":true,"href":"https:\/\/os-stari-trg-ok.si\/index.php?rest_route=%2Fwp%2Fv2%2Fcomments&post=20616"}],"version-history":[{"count":9,"href":"https:\/\/os-stari-trg-ok.si\/index.php?rest_route=\/wp\/v2\/pages\/20616\/revisions"}],"predecessor-version":[{"id":21911,"href":"https:\/\/os-stari-trg-ok.si\/index.php?rest_route=\/wp\/v2\/pages\/20616\/revisions\/21911"}],"wp:attachment":[{"href":"https:\/\/os-stari-trg-ok.si\/index.php?rest_route=%2Fwp%2Fv2%2Fmedia&parent=20616"}],"curies":[{"name":"wp","href":"https:\/\/api.w.org\/{rel}","templated":true}]}}