{"id":2271,"date":"2017-10-14T16:47:47","date_gmt":"2017-10-14T14:47:47","guid":{"rendered":"http:\/\/staritrgobkolpi.splet.arnes.si\/?page_id=2271"},"modified":"2023-10-24T10:47:59","modified_gmt":"2023-10-24T08:47:59","slug":"npz-2018","status":"publish","type":"page","link":"https:\/\/os-stari-trg-ok.si\/?page_id=2271","title":{"rendered":"NPZ 2023\/2024"},"content":{"rendered":"<p><strong>NPZ 2023\/2024<\/strong><br \/>\nNacionalno preverjanje znanja (NPZ)<br \/>\nOb koncu drugega in tretjega obdobja se znanje u\u010dencev preverja z nacionalnimi<br \/>\npreizkusi znanja (NPZ), s katerimi se preverjajo standardi znanja, dolo\u010deni z u\u010dnim<br \/>\nna\u010drtom.<br \/>\nNacionalno preverjanje znanja je&nbsp;za u\u010dence 6. in 9. razreda osnovne \u0161ole<br \/>\nobvezno&nbsp;(razen za u\u010dence, ki so vklju\u010deni v prilagojeni izobra\u017eevalni program z<br \/>\nni\u017ejim izobrazbenim standardom, \/\u2026\/ ter za u\u010dence priseljence iz drugih dr\u017eav in v<br \/>\nteko\u010dem \u0161olskem letu prvi\u010d obiskujejo osnovno \u0161olo v Sloveniji, v skladu s 64. in 67.<br \/>\n\u010dlenom&nbsp;Zakona o osnovni \u0161oli.<br \/>\nOb koncu drugega obdobja se preverja znanje u\u010dencev iz slovenskega jezika,<br \/>\nmatematike in tujega jezika.<br \/>\nOb koncu tretjega obdobja se preverja znanje iz slovenskega jezika, matematike in<br \/>\ntretjega obveznega predmeta.<br \/>\nIzbrani tretji predmet, iz katerega&nbsp;bodo u\u010denci 9. r na\u0161e \u0161ole opravljali nacionalno<br \/>\npreverjanje znanja v l. 2023\/2024, je&nbsp;angle\u0161\u010dina.<br \/>\nPublikacija \u00bbInformacije za u\u010dence in star\u0161e\u00ab je v elektronski obliki. Publikacija je<br \/>\nnamenjena u\u010dencem 6. in 9. razreda ter star\u0161em in je dostopna na spletni strani<br \/>\nDr\u017eavnega izpitnega centra&nbsp;(www.ric.si). V njej najdete podrobnej\u0161e zapise o<br \/>\npreverjanju oz. dodatne informacije, ki jih mogo\u010de potrebujete.<\/p>\n<p><em><strong>Datumi opravljanja NPZ za \u0161olsko leto 2023\/2024:<\/strong><\/em><br \/>\n&nbsp;<br \/>\n<strong>torek, 7. 5. 2024 SLOVEN\u0160\u010cINA, 6. in 9. razred<\/strong><\/p>\n<p><strong>\u010detrtek, 9. 5. 2024 MATEMATIKA, 6. in 9. razred<\/strong><\/p>\n<p><strong>ponedeljek, 13. 5. 2024 ANGLE\u0160\u010cINA, 6. razred<\/strong><\/p>\n<p><strong>Ponedeljek, 13. 5. 2024 Tretji predmet: ANGLE\u0160\u010cINA, 9. razred<\/strong><\/p>\n<p>POTEK IZVEDBE NPZ-jev:<br \/>\nV U\u010cILNICE BODO U\u010cENCI PRI\u0160LI 15 min PRED PRI\u010cETKOM PISANJA NPZ.<br \/>\n\u010cAS PISANJA: 8.30 \u2013 9.30<br \/>\nVsi u\u010denci morajo biti v u\u010dilnici do izteka \u010dasa za pisanje.<br \/>\nVsem u\u010dencem in u\u010denkam \u017eelimo veliko uspeha. Predvsem pa \u017eelimo, da<br \/>\nopravljanje NPZ-jev sprejmejo resno in odgovorno. To pa seveda ne pomeni,<br \/>\nda si je potrebno ustvarjati dodaten strah in stres!<\/p>\n<p>&#8211; Dostop \/vpogled\/ do rezultatov bo mo\u017een na spletni strani<a href=\"http:\/\/npz.ric.si\">&nbsp;http:\/\/npz.ric.si<\/a>; in<br \/>\nsicer od 3. 6. 2024 naprej, po datumih, ki jih dolo\u010da koledar NPZ 2023\/2024.<br \/>\n&#8211; Za dostop potrebujete&nbsp;\u0161ifro,&nbsp;ki jo bo\/je u\u010denec prejel ob nacionalnem<br \/>\npreverjanju znanja v \u0161oli, in enotno mati\u010dno \u0161tevilko (EM\u0160O) otroka.<\/p>\n","protected":false},"excerpt":{"rendered":"<p>NPZ 2023\/2024 Nacionalno preverjanje znanja (NPZ) Ob koncu drugega in tretjega obdobja se znanje u\u010dencev preverja z nacionalnimi preizkusi znanja (NPZ), s katerimi se preverjajo standardi znanja, dolo\u010deni z u\u010dnim [&hellip;]<\/p>\n","protected":false},"author":17327,"featured_media":0,"parent":0,"menu_order":0,"comment_status":"closed","ping_status":"closed","template":"","meta":{"ngg_post_thumbnail":0,"footnotes":""},"class_list":["post-2271","page","type-page","status-publish","hentry"],"_links":{"self":[{"href":"https:\/\/os-stari-trg-ok.si\/index.php?rest_route=\/wp\/v2\/pages\/2271","targetHints":{"allow":["GET"]}}],"collection":[{"href":"https:\/\/os-stari-trg-ok.si\/index.php?rest_route=\/wp\/v2\/pages"}],"about":[{"href":"https:\/\/os-stari-trg-ok.si\/index.php?rest_route=\/wp\/v2\/types\/page"}],"author":[{"embeddable":true,"href":"https:\/\/os-stari-trg-ok.si\/index.php?rest_route=\/wp\/v2\/users\/17327"}],"replies":[{"embeddable":true,"href":"https:\/\/os-stari-trg-ok.si\/index.php?rest_route=%2Fwp%2Fv2%2Fcomments&post=2271"}],"version-history":[{"count":16,"href":"https:\/\/os-stari-trg-ok.si\/index.php?rest_route=\/wp\/v2\/pages\/2271\/revisions"}],"predecessor-version":[{"id":15649,"href":"https:\/\/os-stari-trg-ok.si\/index.php?rest_route=\/wp\/v2\/pages\/2271\/revisions\/15649"}],"wp:attachment":[{"href":"https:\/\/os-stari-trg-ok.si\/index.php?rest_route=%2Fwp%2Fv2%2Fmedia&parent=2271"}],"curies":[{"name":"wp","href":"https:\/\/api.w.org\/{rel}","templated":true}]}}