{"id":6,"date":"2011-01-25T14:07:44","date_gmt":"2011-01-25T13:07:44","guid":{"rendered":"http:\/\/staritrgobkolpi.splet.arnes.si\/2011\/01\/25\/nagovor-ravnatelja\/"},"modified":"2026-04-02T11:47:36","modified_gmt":"2026-04-02T09:47:36","slug":"nagovor-ravnatelja","status":"publish","type":"page","link":"https:\/\/os-stari-trg-ok.si\/?page_id=6","title":{"rendered":"RAVNATELJ"},"content":{"rendered":"<p class=\"v1isSelectedEnd\">Spo\u0161tovani.<\/p>\n<p class=\"v1isSelectedEnd\">O\u0160 Stari trg ob Kolpi je \u0161ola, kjer se majhnost ne meri v \u0161tevilkah, ampak v bli\u017eini. In kjer bli\u017eina pomeni mo\u010d.<\/p>\n<p class=\"v1isSelectedEnd\">V \u010dasu, ko se svet spreminja hitreje kot kadarkoli prej, ostaja na\u0161e poslanstvo jasno. Ustvarjati prostor, kjer vsak otrok raste. Ne le v znanju, ampak tudi v pogumu, radovednosti in odgovornosti. Verjamemo, da je prihodnost zgrajena iz drobnih vsakodnevnih korakov, iz vpra\u0161anj, ki jih u\u010denci upajo postaviti, in iz prilo\u017enosti, ki jim jih kot \u0161ola znamo ponuditi.<\/p>\n<p class=\"v1isSelectedEnd\">Na\u0161a \u0161ola je ve\u010d kot le prostor pouka. Je skupnost. Je sti\u010di\u0161\u010de idej, sodelovanja in vrednot. Je prostor, kjer spo\u0161tujemo druga\u010dnost, spodbujamo ustvarjalnost in gradimo odnose, ki trajajo dlje od \u0161olskih let.<\/p>\n<p class=\"v1isSelectedEnd\">Zavedamo se, da znanje danes pomeni ve\u010d kot le informacije. Pomeni sposobnost razmi\u0161ljanja, sodelovanja, prilagajanja. Zato razvijamo bralno, digitalno in gibalno pismenost, spodbujamo sodobne pristope u\u010denja in u\u010dencem odpiramo vrata v svet, ki ga bodo soustvarjali.<\/p>\n<p class=\"v1isSelectedEnd\">Ponosni smo na na\u0161o povezanost z lokalnim okoljem. Na sodelovanje s star\u0161i. Na vsak nasmeh, vsak uspeh, vsak napredek, tako velik kakor tudi majhen. Kajti verjamemo, da je prav vsak posameznik pomemben.<\/p>\n<p class=\"v1isSelectedEnd\">Na Osnovni \u0161oli Stari trg ob Kolpi ne u\u010dimo le za ocene. U\u010dimo za \u017eivljenje. In \u010de \u017eelimo kot \u0161ola dosegati velike stvari, potem ne smemo le na\u010drtovati. Moramo tudi sanjati. Ne le delovati. Moramo tudi verjeti. Verjeti v vsakega u\u010denca. Verjeti v vsak potencial. Verjeti, da skupaj zmoremo ve\u010d.<\/p>\n<p>Darjan Grudnik, ravnatelj<\/p>\n<p><img decoding=\"async\" src=\"https:\/\/os-stari-trg-ok.si\/files\/2026\/04\/IMG_7287-scaled.jpg\"><\/p>\n<p>&nbsp;<\/p>\n<p><em>&nbsp;<\/em><\/p>\n","protected":false},"excerpt":{"rendered":"<p>Spo\u0161tovani. O\u0160 Stari trg ob Kolpi je \u0161ola, kjer se majhnost ne meri v \u0161tevilkah, ampak v bli\u017eini. In kjer bli\u017eina pomeni mo\u010d. V \u010dasu, ko se svet spreminja hitreje [&hellip;]<\/p>\n","protected":false},"author":5516,"featured_media":0,"parent":0,"menu_order":4,"comment_status":"open","ping_status":"open","template":"","meta":{"ngg_post_thumbnail":0,"footnotes":""},"class_list":["post-6","page","type-page","status-publish","hentry"],"_links":{"self":[{"href":"https:\/\/os-stari-trg-ok.si\/index.php?rest_route=\/wp\/v2\/pages\/6","targetHints":{"allow":["GET"]}}],"collection":[{"href":"https:\/\/os-stari-trg-ok.si\/index.php?rest_route=\/wp\/v2\/pages"}],"about":[{"href":"https:\/\/os-stari-trg-ok.si\/index.php?rest_route=\/wp\/v2\/types\/page"}],"author":[{"embeddable":true,"href":"https:\/\/os-stari-trg-ok.si\/index.php?rest_route=\/wp\/v2\/users\/5516"}],"replies":[{"embeddable":true,"href":"https:\/\/os-stari-trg-ok.si\/index.php?rest_route=%2Fwp%2Fv2%2Fcomments&post=6"}],"version-history":[{"count":9,"href":"https:\/\/os-stari-trg-ok.si\/index.php?rest_route=\/wp\/v2\/pages\/6\/revisions"}],"predecessor-version":[{"id":22385,"href":"https:\/\/os-stari-trg-ok.si\/index.php?rest_route=\/wp\/v2\/pages\/6\/revisions\/22385"}],"wp:attachment":[{"href":"https:\/\/os-stari-trg-ok.si\/index.php?rest_route=%2Fwp%2Fv2%2Fmedia&parent=6"}],"curies":[{"name":"wp","href":"https:\/\/api.w.org\/{rel}","templated":true}]}}