{"id":61,"date":"2011-12-20T13:11:58","date_gmt":"2011-12-20T12:11:58","guid":{"rendered":"http:\/\/staritrgobkolpi.splet.arnes.si\/2011\/12\/20\/urnik-olske-knjinice\/"},"modified":"2025-11-20T13:49:36","modified_gmt":"2025-11-20T12:49:36","slug":"urnik-olske-knjinice","status":"publish","type":"page","link":"https:\/\/os-stari-trg-ok.si\/?page_id=61","title":{"rendered":"Knji\u017enica"},"content":{"rendered":"<p>Iz knji\u017eni\u010dnega reda:<br \/>\n&#8211; knji\u017enica izposoja v \u010dasu, ki je dolo\u010den z urnikom knji\u017enice;<br \/>\n&#8211; u\u010denec naj bi si naenkrat izposodil najve\u010d 3 knjige;<br \/>\n&#8211; izposojevalni rok je 21 dni za leposlovje in 14 dni za strokovno literaturo;<br \/>\n&#8211; referen\u010dnega gradiva (enciklopedij, leksikonov, slovarjev &#8230;) knji\u017enica ne izposoja;<img decoding=\"async\" src=\"https:\/\/os-stari-trg-ok.si\/files\/2024\/09\/sova-1.png\"><\/p>\n<p style=\"text-align: left\"><span style=\"color: #800000\"><a style=\"text-align: left\" href=\"http:\/\/staritrgobkolpi.splet.arnes.si\/files\/2020\/04\/Uporabne-povezave-za-e-branje.pdf\">Uporabne povezave za e-branje<\/a><\/span><\/p>\n<p style=\"text-align: right\"><span style=\"color: #800000\"><strong>&nbsp;<\/strong><\/span><\/p>\n","protected":false},"excerpt":{"rendered":"<p>Iz knji\u017eni\u010dnega reda: &#8211; knji\u017enica izposoja v \u010dasu, ki je dolo\u010den z urnikom knji\u017enice; &#8211; u\u010denec naj bi si naenkrat izposodil najve\u010d 3 knjige; &#8211; izposojevalni rok je 21 dni [&hellip;]<\/p>\n","protected":false},"author":5516,"featured_media":0,"parent":0,"menu_order":14,"comment_status":"open","ping_status":"closed","template":"","meta":{"ngg_post_thumbnail":0,"footnotes":""},"class_list":["post-61","page","type-page","status-publish","hentry"],"_links":{"self":[{"href":"https:\/\/os-stari-trg-ok.si\/index.php?rest_route=\/wp\/v2\/pages\/61","targetHints":{"allow":["GET"]}}],"collection":[{"href":"https:\/\/os-stari-trg-ok.si\/index.php?rest_route=\/wp\/v2\/pages"}],"about":[{"href":"https:\/\/os-stari-trg-ok.si\/index.php?rest_route=\/wp\/v2\/types\/page"}],"author":[{"embeddable":true,"href":"https:\/\/os-stari-trg-ok.si\/index.php?rest_route=\/wp\/v2\/users\/5516"}],"replies":[{"embeddable":true,"href":"https:\/\/os-stari-trg-ok.si\/index.php?rest_route=%2Fwp%2Fv2%2Fcomments&post=61"}],"version-history":[{"count":21,"href":"https:\/\/os-stari-trg-ok.si\/index.php?rest_route=\/wp\/v2\/pages\/61\/revisions"}],"predecessor-version":[{"id":21452,"href":"https:\/\/os-stari-trg-ok.si\/index.php?rest_route=\/wp\/v2\/pages\/61\/revisions\/21452"}],"wp:attachment":[{"href":"https:\/\/os-stari-trg-ok.si\/index.php?rest_route=%2Fwp%2Fv2%2Fmedia&parent=61"}],"curies":[{"name":"wp","href":"https:\/\/api.w.org\/{rel}","templated":true}]}}