{"id":6299,"date":"2019-01-04T17:33:48","date_gmt":"2019-01-04T16:33:48","guid":{"rendered":"http:\/\/staritrgobkolpi.splet.arnes.si\/?page_id=6299"},"modified":"2024-10-04T12:47:21","modified_gmt":"2024-10-04T10:47:21","slug":"svetovalna-sluzba-v-vrtcu","status":"publish","type":"page","link":"https:\/\/os-stari-trg-ok.si\/?page_id=6299","title":{"rendered":"Svetovalna slu\u017eba v vtrcu"},"content":{"rendered":"<p><strong>Svetovalna slu\u017eba v vrtcu<\/strong><\/p>\n<p>Svetovalno delo v vrtcu opravlja Andreja Rade. V sodelovanju s star\u0161i, z vzgojiteljicami in pomo\u010dnicami vrtca, ustvarja pogoje, ki omogo\u010dajo zdravo rast in razvoj otrok ter se po\u010dutijo varno in sprejeto.<\/p>\n<p>Delo svetovalne delavke poteka z otroci individualno ali v skupini in sicer po urniku v dopoldanskem \u010dasu (najve\u010dkrat od 9.00 do 10.30). &nbsp;<\/p>\n<p>Star\u0161i se lahko dogovorite za pogovor oz. svetovanje osebno v \u010dasu rednih govorilnih ur ali izredno tako da:<\/p>\n<p>&#8211; pokli\u010dete 073055102, 051205159<\/p>\n<p>&#8211; se zglasite v pisarni svetovalne delavke v O\u0160 Stari trg ob Kolpi,<\/p>\n<p>&#8211; pi\u0161ete na e-naslov: <a href=\"mailto:andreja.rade@os-staritrgok.si\">andreja.rade@os-staritrgok.si<\/a><\/p>\n<p>&nbsp;<\/p>\n<p><strong>KAKO IN KDAJ LAHKO POMAGA SVETOVALNA SLU\u017dBA<\/strong><\/p>\n<p>Na svetovalno delavko se lahko obrnete kadarkoli, predvsem pa kadar potrebujete posvet, pomo\u010d, odkrit pogovor ali pa le razumevanje pri:<\/p>\n<ul>\n<li>uvajanju otroka v vrtec;<\/li>\n<li>vstopu v \u0161olo ali odlogu \u0161olanja;<\/li>\n<li>prelomnih dogodkih v \u017eivljenju dru\u017eine (rojstvo sorojencev, selitev, razveza, smrt v dru\u017eini\u2026);<\/li>\n<li>\u010dustvenih in vedenjskih stiskah ter te\u017eavah (te\u017eave spanja, mo\u010denje postelje, razli\u010dni strahovi,\u2026);<\/li>\n<li>pri vzgoji in otrokovem razvoju (te\u017eave v razvoju otroka, oblike pomo\u010di).<\/li>\n<\/ul>\n<p>&nbsp;<\/p>\n<p><strong>OSNOVNA NA\u010cELA SVETOVALNEGA ODNOSA<\/strong><\/p>\n<p>Svetovalna delavka v vrtcu se na strokovno avtonomni na\u010din vklju\u010duje v \u017eivljenje v vrtcu z namenom, da pomaga in sodeluje z vsemi udele\u017eenci v vrtcu in po potrebi tudi z ustreznimi institucijami.<\/p>\n<p>Svetovalna delavka pri delu upo\u0161teva tri temeljna strokovno eti\u010dna na\u010dela:<\/p>\n<ul>\n<li>na\u010delo DOBROBITI \u2013 svetovalno delo ni v \u0161kodo otroka, ne sme povzro\u010dati nelagodja, stisk, zadreg, stigmatiziranja v doma\u010dem okolju;<\/li>\n<li>na\u010delo PROSTOVOLJNOSTI \u2013 vsi udele\u017eenci vstopajo v svetovalni odnos prostovoljno, izjemoma v primerih, ko je ogro\u017een otrok ali kdo drug;<\/li>\n<li>na\u010delo ZAUPANJA in ZAUPNOSTI \u2013 temelji na vsem povedanem v svetovalnem odnosu, dopolnjuje se z varovanjem osebnih podatkov.<\/li>\n<\/ul>\n<p>&nbsp;<\/p>\n<p><strong>SVETOVALNA DELAVKA PRI DELU SODELUJE:<\/strong><\/p>\n<p>&#8211; s star\u0161i;<\/p>\n<p>&#8211; z vzgojiteljicami in pomo\u010dnicami vzgojiteljic (pomo\u010d in svetovanje za skupino otrok ali posameznega otroka ipd.);<\/p>\n<p>&#8211; z vodstvom vrtca (na\u010drtovanje in razvoj vrtca, projekti, izobra\u017eevanja ipd.);<\/p>\n<p>&#8211; z zunanjimi institucijami (svetovalnica, razvojna ambulanta, center za socialno delo, policija ipd.).<\/p>\n<p>Svetovalna slu\u017eba je na podlagi zakonodaje v primeru suma na nasilje nad otrokom, o tem dol\u017ena obvestiti pristojne institucije (CSD, policija) ter v okviru tega izvesti ustrezne postopke pomo\u010di.<\/p>\n<p>Dobre informacije najdete na naslednjih linkih:<\/p>\n<ul>\n<li><a href=\"http:\/\/staritrgobkolpi.splet.arnes.si\/files\/2016\/03\/zlo%C5%BEenka-SS.pdf\">Zlo\u017eenka Svetovalne slu\u017ebe<\/a><\/li>\n<li><a href=\"http:\/\/staritrgobkolpi.splet.arnes.si\/files\/2019\/01\/za-oglasno-bivanje-na-prostem.pdf\">Bivanje otrok na prostem v zimskem \u010dasu<\/a><\/li>\n<li><a href=\"http:\/\/staritrgobkolpi.splet.arnes.si\/files\/2019\/01\/Bivanje-na-prostem-v-vro%C4%8Dih-poletnih-dneh.pdf\">Bivanje otrok na prostem v vro\u010dih poletnih dneh<\/a><\/li>\n<li><a href=\"http:\/\/staritrgobkolpi.splet.arnes.si\/files\/2012\/10\/Prehod-otrok-iz-vrtca-v-%C5%A1olo.pdf\">Prehod otrok iz vrtca v \u0161olo<\/a><\/li>\n<li><a href=\"http:\/\/staritrgobkolpi.splet.arnes.si\/files\/2012\/10\/UVAJANJE_OTROKA_V_VRTEC1.doc\">Uvajanje otroka v vrtec<\/a><\/li>\n<\/ul>\n<p>&nbsp;<\/p>\n<p><img loading=\"lazy\" decoding=\"async\" class=\"alignnone size-full wp-image-13803\" src=\"http:\/\/staritrgobkolpi.splet.arnes.si\/files\/2020\/12\/DUS-ZDRAVJE.jpg\" alt=\"\" width=\"1417\" height=\"1984\" srcset=\"https:\/\/os-stari-trg-ok.si\/files\/2020\/12\/DUS-ZDRAVJE.jpg 1417w, https:\/\/os-stari-trg-ok.si\/files\/2020\/12\/DUS-ZDRAVJE-214x300.jpg 214w, https:\/\/os-stari-trg-ok.si\/files\/2020\/12\/DUS-ZDRAVJE-429x600.jpg 429w, https:\/\/os-stari-trg-ok.si\/files\/2020\/12\/DUS-ZDRAVJE-768x1075.jpg 768w, https:\/\/os-stari-trg-ok.si\/files\/2020\/12\/DUS-ZDRAVJE-1097x1536.jpg 1097w\" sizes=\"auto, (max-width: 1417px) 100vw, 1417px\" \/><\/p>\n<p><img loading=\"lazy\" decoding=\"async\" class=\"alignnone size-full wp-image-13805\" src=\"http:\/\/staritrgobkolpi.splet.arnes.si\/files\/2020\/12\/Iva.plakat.2.jpg\" alt=\"\" width=\"1688\" height=\"2386\" srcset=\"https:\/\/os-stari-trg-ok.si\/files\/2020\/12\/Iva.plakat.2.jpg 1688w, https:\/\/os-stari-trg-ok.si\/files\/2020\/12\/Iva.plakat.2-212x300.jpg 212w, https:\/\/os-stari-trg-ok.si\/files\/2020\/12\/Iva.plakat.2-424x600.jpg 424w, https:\/\/os-stari-trg-ok.si\/files\/2020\/12\/Iva.plakat.2-768x1086.jpg 768w, https:\/\/os-stari-trg-ok.si\/files\/2020\/12\/Iva.plakat.2-1087x1536.jpg 1087w, https:\/\/os-stari-trg-ok.si\/files\/2020\/12\/Iva.plakat.2-1449x2048.jpg 1449w\" sizes=\"auto, (max-width: 1688px) 100vw, 1688px\" \/><\/p>\n","protected":false},"excerpt":{"rendered":"<p>Svetovalna slu\u017eba v vrtcu Svetovalno delo v vrtcu opravlja Andreja Rade. V sodelovanju s star\u0161i, z vzgojiteljicami in pomo\u010dnicami vrtca, ustvarja pogoje, ki omogo\u010dajo zdravo rast in razvoj otrok ter [&hellip;]<\/p>\n","protected":false},"author":17327,"featured_media":0,"parent":0,"menu_order":0,"comment_status":"closed","ping_status":"closed","template":"","meta":{"ngg_post_thumbnail":0,"footnotes":""},"class_list":["post-6299","page","type-page","status-publish","hentry"],"_links":{"self":[{"href":"https:\/\/os-stari-trg-ok.si\/index.php?rest_route=\/wp\/v2\/pages\/6299","targetHints":{"allow":["GET"]}}],"collection":[{"href":"https:\/\/os-stari-trg-ok.si\/index.php?rest_route=\/wp\/v2\/pages"}],"about":[{"href":"https:\/\/os-stari-trg-ok.si\/index.php?rest_route=\/wp\/v2\/types\/page"}],"author":[{"embeddable":true,"href":"https:\/\/os-stari-trg-ok.si\/index.php?rest_route=\/wp\/v2\/users\/17327"}],"replies":[{"embeddable":true,"href":"https:\/\/os-stari-trg-ok.si\/index.php?rest_route=%2Fwp%2Fv2%2Fcomments&post=6299"}],"version-history":[{"count":16,"href":"https:\/\/os-stari-trg-ok.si\/index.php?rest_route=\/wp\/v2\/pages\/6299\/revisions"}],"predecessor-version":[{"id":18477,"href":"https:\/\/os-stari-trg-ok.si\/index.php?rest_route=\/wp\/v2\/pages\/6299\/revisions\/18477"}],"wp:attachment":[{"href":"https:\/\/os-stari-trg-ok.si\/index.php?rest_route=%2Fwp%2Fv2%2Fmedia&parent=6299"}],"curies":[{"name":"wp","href":"https:\/\/api.w.org\/{rel}","templated":true}]}}