{"id":7513,"date":"2019-04-08T10:54:15","date_gmt":"2019-04-08T08:54:15","guid":{"rendered":"http:\/\/staritrgobkolpi.splet.arnes.si\/?page_id=7513"},"modified":"2025-12-23T12:24:01","modified_gmt":"2025-12-23T11:24:01","slug":"svet-starsev","status":"publish","type":"page","link":"https:\/\/os-stari-trg-ok.si\/?page_id=7513","title":{"rendered":"Svet star\u0161ev"},"content":{"rendered":"<p><strong>\u010clani sveta star\u0161ev:<\/strong><\/p>\n<table style=\"border-collapse: collapse;width: 100%;text-align: left\">\n<tbody>\n<tr>\n<th style=\"border: 1px solid #ccc;padding: 8px;background: #4f8f3f;color: #fff\">\u010clan<\/th>\n<th style=\"border: 1px solid #ccc;padding: 8px;background: #4f8f3f;color: #fff\">Oddelek<\/th>\n<\/tr>\n<tr style=\"background-color: #d9efd4\">\n<td style=\"border: 1px solid #ccc;padding: 8px\">Ana Arn\u0161ek<\/td>\n<td style=\"border: 1px solid #ccc;padding: 8px\">VVE \u2013 prvo starostno obdobje<\/td>\n<\/tr>\n<tr>\n<td style=\"border: 1px solid #ccc;padding: 8px\">Marija Konda<\/td>\n<td style=\"border: 1px solid #ccc;padding: 8px\">VVE \u2013 drugo starostno obdobje<\/td>\n<\/tr>\n<tr style=\"background-color: #d9efd4\">\n<td style=\"border: 1px solid #ccc;padding: 8px\">Nika Majerle<\/td>\n<td style=\"border: 1px solid #ccc;padding: 8px\">1. in 2. razred<\/td>\n<\/tr>\n<tr>\n<td style=\"border: 1px solid #ccc;padding: 8px\">Luka Hobi\u0107<\/td>\n<td style=\"border: 1px solid #ccc;padding: 8px\">3. in 4. razred<\/td>\n<\/tr>\n<tr style=\"background-color: #d9efd4\">\n<td style=\"border: 1px solid #ccc;padding: 8px\">Tja\u0161a Kanazir<\/td>\n<td style=\"border: 1px solid #ccc;padding: 8px\">5. razred<\/td>\n<\/tr>\n<tr>\n<td style=\"border: 1px solid #ccc;padding: 8px\">Andreja Hli\u0161<\/td>\n<td style=\"border: 1px solid #ccc;padding: 8px\">6. in 7. razred<\/td>\n<\/tr>\n<tr style=\"background-color: #d9efd4\">\n<td style=\"border: 1px solid #ccc;padding: 8px\">\u0160pela Vesel\u010di\u010d Gor\u0161i\u010d<\/td>\n<td style=\"border: 1px solid #ccc;padding: 8px\">8. in 9. razred<\/td>\n<\/tr>\n<\/tbody>\n<\/table>\n<p>&nbsp;<br \/>\nPredsednica Sveta star\u0161ev je<strong> Tja\u0161a Kanazir.<\/strong><\/p>\n<h4 class=\"wp-block-heading has-text-align-left fittexted_for_content_h2\">ZAPISNIKI SEJ SVETA STAR\u0160EV:<\/h4>\n<p><span style=\"color: #000000\"><strong>\u0160olsko leto 2025\/2026:<\/strong><\/span><\/p>\n<p><span style=\"color: #000000\"><strong>\u0160olsko leto 2024\/2025:<\/strong><\/span><\/p>\n<ul>\n<li><span style=\"color: #000000\"><a style=\"color: #000000\" href=\"https:\/\/os-stari-trg-ok.si\/files\/2024\/10\/scan1134.pdf\"><span class=\"media-list-title\">Zapisnik 1. redne seje Sveta star\u0161ev &#8211; 25. 10. 2024<\/span><\/a><\/span><\/li>\n<li><span style=\"color: #000000\"><a style=\"color: #000000\" href=\"https:\/\/os-stari-trg-ok.si\/files\/2024\/10\/scan1133.pdf\">Vabilo na 1. redno sejo Sveta star\u0161e O\u0160 Stari trg ob Kolpi v \u0161olskem letu 2024\/25<\/a><\/span><\/li>\n<\/ul>\n<p><span style=\"color: #000000\"><strong>\u0160olsko leto 2022\/2023:<\/strong><\/span><\/p>\n<ul>\n<li style=\"list-style-type: none\">\n<ul>\n<li><span style=\"color: #000000\"><a style=\"color: #000000\" href=\"https:\/\/os-stari-trg-ok.si\/files\/2023\/05\/Zapisnik-1.-redne-seje-Sveta-starsev-5.-10.-2022.pdf\"><span class=\"media-list-title\">Zapisnik 1. redne seje Sveta star\u0161ev &#8211; 5. 10. 2022<\/span><\/a><\/span><\/li>\n<li><span style=\"color: #000000\"><a style=\"color: #000000\" href=\"https:\/\/os-stari-trg-ok.si\/files\/2023\/05\/Zapisnik-2.-redne-seje-Sveta-starsev-21.-12.-2022.pdf\"><span class=\"media-list-title\">Zapisnik 2. redne seje Sveta star\u0161ev &#8211; 21. 12. 2022<\/span><\/a><\/span><\/li>\n<li><span style=\"color: #000000\"><a style=\"color: #000000\" href=\"https:\/\/os-stari-trg-ok.si\/files\/2023\/05\/Vabilo-na-2.-redno-sejo-Sveta-starse-OS-Stari-trg-ob-Kolpi-v-solskem-letu-202223.pdf\">Vabilo na 2. redno sejo Sveta star\u0161e O\u0160 Stari trg ob Kolpi v \u0161olskem letu 2022\/23<\/a><\/span><\/li>\n<li><span style=\"color: #000000\"><a style=\"color: #000000\" href=\"https:\/\/os-stari-trg-ok.si\/files\/2023\/05\/Vabilo-na-3.-redno-sejo-Sveta-starsev-OS-Stari-trg-ob-Kolpi-v-solskem-letu-202223.pdf\">Vabilo na 3. redno sejo Sveta star\u0161ev O\u0160 Stari trg ob Kolpi v \u0161olskem letu 2022\/23<\/a><\/span><\/li>\n<\/ul>\n<\/li>\n<\/ul>\n<p><span style=\"color: #000000\"><strong>\u0160olsko leto 2021\/2022:<\/strong><\/span><\/p>\n<p><span style=\"color: #000000\"><a style=\"color: #000000\" href=\"https:\/\/os-stari-trg-ok.si\/files\/2022\/10\/POSLOVNIK-SVETA-STARSEV-30.-9.-2022.pdf\">POSLOVNIK SVETA STAR\u0160EV O\u0160 Stari trg ob Kolpi &#8211; 30. 9. 2021<\/a><\/span><\/p>\n<ul>\n<li><span style=\"color: #000000\"><a style=\"color: #000000\" href=\"https:\/\/os-stari-trg-ok.si\/files\/2022\/01\/Vabilo-in-zapisnik-2.-redne-seje-Sveta-starsev-OS-Stari-trg-ob-Kolpi-26.-10.-2021.pdf\">Vabilo in zapisnik 2. redne seje Sveta star\u0161ev O\u0160 Stari trg ob Kolpi &#8211; 26. 10. 2021<\/a><\/span><\/li>\n<li><span style=\"color: #000000\"><a style=\"color: #000000\" href=\"https:\/\/os-stari-trg-ok.si\/files\/2022\/01\/Vabilo-in-zapisnik-3.-redne-seje-Sveta-starsev-OS-Stari-trg-ob-Kolpi-20.-12.-2021.pdf\">Vabilo in zapisnik 3. redne seje Sveta star\u0161ev O\u0160 Stari trg ob Kolpi &#8211; 20. 12. 2021<\/a><\/span><\/li>\n<li><span style=\"color: #000000\"><a style=\"color: #000000\" href=\"https:\/\/os-stari-trg-ok.si\/files\/2022\/05\/Zapisnik-4.-redne-seje-Sveta-starsev-23.-3.-2022.pdf\">Zapisnik 4. redne seje Sveta star\u0161ev &#8211; 23. 3. 2022<\/a><\/span><\/li>\n<li><span style=\"color: #000000\"><a style=\"color: #000000\" href=\"https:\/\/os-stari-trg-ok.si\/files\/2022\/05\/Vabilo-na-4.-redno-sejo-Sveta-starsev-23.-3.-2022.pdf\">Vabilo na 4. redno sejo Sveta star\u0161ev &#8211; 23. 3. 2022<\/a><\/span><\/li>\n<li><span style=\"color: #000000\"><a style=\"color: #000000\" href=\"https:\/\/os-stari-trg-ok.si\/files\/2022\/05\/Vabilo-na-5.-redno-sejo-SVETA-STARSEV-30.-5.-2022.pdf\">Vabilo na 5. redno sejo SVETA STAR\u0160EV &#8211; 30. 5. 2022<\/a><\/span><\/li>\n<li><span style=\"color: #000000\"><a style=\"color: #000000\" href=\"https:\/\/os-stari-trg-ok.si\/files\/2022\/10\/Zapisnik-1.-redne-sje-Sveta-starsev-OS-Stari-trg-ob-Kolpi-30.-9.-2021.pdf\">Zapisnik 1. redne seje Sveta star\u0161ev &#8211; 30. 9. 2021<\/a><\/span><\/li>\n<\/ul>\n<p><span style=\"color: #000000\"><strong>\u0160olsko leto 2020\/2021:<\/strong><\/span><\/p>\n<ul>\n<li><span style=\"color: #000000\"><a style=\"color: #000000\" href=\"https:\/\/os-stari-trg-ok.si\/files\/2021\/10\/Vabilo-na-sestanek-Sveta-star\u0161ev-18-maj-2021.pdf\">Vabilo na sestanek Sveta star\u0161ev 18 maj 2021<\/a><\/span><\/li>\n<li><span style=\"color: #000000\"><a style=\"color: #000000\" href=\"http:\/\/staritrgobkolpi.splet.arnes.si\/files\/2021\/07\/ZAPISNIK-S-SESTANKA-SVETA-STAR\u0160EV-18.5.2021.pdf\">Zapisnik s sestanka sveta star\u0161ev 18. 5. 2021<\/a><\/span><\/li>\n<li><span style=\"color: #000000\"><a style=\"color: #000000\" href=\"https:\/\/os-stari-trg-ok.si\/files\/2021\/10\/Vabilo-na-sestanek-Sveta-star\u0161ev-5-julij-2021.pdf\">Vabilo na sestanek Sveta star\u0161ev 5 julij 2021<\/a><\/span><\/li>\n<li><span style=\"color: #000000\"><a style=\"color: #000000\" href=\"https:\/\/os-stari-trg-ok.si\/files\/2021\/10\/Zapisnik-sestanka-Sveta-star\u0161ev-18-maj-2021.pdf\">Zapisnik sestanka Sveta star\u0161ev 18 maj 2021<\/a><\/span><\/li>\n<\/ul>\n<p><span style=\"color: #000000\"><strong>\u0160olsko leto 2019\/2020:<\/strong><\/span><\/p>\n<ul>\n<li><span style=\"color: #000000\"><a style=\"color: #000000\" href=\"http:\/\/staritrgobkolpi.splet.arnes.si\/files\/2019\/04\/Zapisnik-1.-dopisne-seje-Sveta-star\u0161ev.pdf\">Zapisnik 1. dopisne seje Sveta star\u0161ev<\/a><\/span><\/li>\n<li><span style=\"color: #000000\"><a style=\"color: #000000\" href=\"http:\/\/staritrgobkolpi.splet.arnes.si\/files\/2019\/04\/Zapisnik-2.-dopisne-seje-Sveta-star\u0161ev.pdf\">Zapisnik 2. dopisne seje Sveta star\u0161ev<\/a><\/span><\/li>\n<li><span style=\"color: #000000\"><a style=\"color: #000000\" href=\"http:\/\/staritrgobkolpi.splet.arnes.si\/files\/2019\/04\/Vabilo-na-drugo-dopisno-sejo-Sveta-str\u0161ev-2020.pdf\">Vabilo na drugo dopisno sejo Sveta str\u0161ev 2020<\/a><\/span><\/li>\n<li><span style=\"color: #000000\"><a style=\"color: #000000\" href=\"http:\/\/staritrgobkolpi.splet.arnes.si\/files\/2019\/04\/Vabilo-na-drugo-dopisno-sejo-Sveta-str\u0161ev-2020.pdf\">Vabilo na drugo dopisno sejo Sveta star\u0161ev 2020<\/a><\/span><\/li>\n<li><span style=\"color: #000000\"><a style=\"color: #000000\" href=\"http:\/\/staritrgobkolpi.splet.arnes.si\/files\/2019\/04\/Vabilo-na-1-dopisno-sejo-Sveta-star\u0161ev-O\u0160-Stari-trg-ob-Kolpi.pdf\">Vabilo na 1 dopisno sejo Sveta star\u0161ev O\u0160 Stari tr<\/a><a style=\"color: #000000\" href=\"http:\/\/staritrgobkolpi.splet.arnes.si\/files\/2019\/04\/Vabilo-na-1-dopisno-sejo-Sveta-star\u0161ev-O\u0160-Stari-trg-ob-Kolpi.pdf\">g ob Kolpi<\/a><\/span><\/li>\n<li><span style=\"color: #000000\"><a style=\"color: #000000\" href=\"http:\/\/staritrgobkolpi.splet.arnes.si\/files\/2019\/10\/Vabilo-1.sejo-Sveta-star\u0161ev-2019-20-2.pdf\">Vabilo na 1. sejo Sveta star\u0161ev 2019\/2020<\/a><\/span><\/li>\n<li><span style=\"color: #000000\"><a style=\"color: #000000\" href=\"http:\/\/staritrgobkolpi.splet.arnes.si\/files\/2019\/04\/VABILO-na-1.-prvo-izredno-sejo-SVETA-STAR\u0160EV.pdf\">VABILO na 1. (prvo) izredno sejo SVETA STAR\u0160EV<\/a><\/span><\/li>\n<li><span style=\"color: #000000\"><a style=\"color: #000000\" href=\"http:\/\/staritrgobkolpi.splet.arnes.si\/files\/2019\/04\/VABILO-2.-REDNO-SEJO-SVETA-STAR\u0160E-2019-20-1.pdf\">Vabilo na 2. redno sejo Sveta star\u0161ev 2019\/20<\/a><\/span><\/li>\n<li><span style=\"color: #000000\"><a style=\"color: #000000\" href=\"http:\/\/staritrgobkolpi.splet.arnes.si\/files\/2019\/04\/Vabilo-na-1.-prvo-koresponden\u010dno-sejo-SVETA-STAR\u0160EV.pdf\">Vabilo na 1. koresponden\u010dno sejo Sveta star\u0161ev<\/a><\/span><\/li>\n<li><span style=\"color: #000000\"><a style=\"color: #000000\" href=\"http:\/\/staritrgobkolpi.splet.arnes.si\/files\/2019\/04\/Zapisnik-1.-koresponden\u010dne-seje-SVETA-STAR\u0160EV.pdf\">Zapisnik 1. koresponden\u010dne seje Sveta star\u0161ev<\/a><\/span><\/li>\n<li><span style=\"color: #000000\"><a style=\"color: #000000\" href=\"http:\/\/staritrgobkolpi.splet.arnes.si\/files\/2019\/04\/Zapisnik-1.sestanka-Sveta-star\u0161ev-v-\u0161ol.-letu-2019-20.pdf\">Zapisnik 1. sestanka Sveta star\u0161ev v \u0161ol. letu 2019\/20<\/a><\/span><\/li>\n<li><span style=\"color: #000000\"><a style=\"color: #000000\" href=\"http:\/\/staritrgobkolpi.splet.arnes.si\/files\/2019\/04\/Zapisnik-2.-redne-seje-Sveta-star\u0161ev.pdf\">Zapisnik 2. redne seje Sveta star\u0161ev<\/a><\/span><\/li>\n<li><a href=\"http:\/\/staritrgobkolpi.splet.arnes.si\/files\/2019\/04\/VABILO-3.-DOPISNA-SEJA-2020.pdf\">VABILO 3. DOPISNA SEJA 2020<\/a><\/li>\n<li><a href=\"http:\/\/staritrgobkolpi.splet.arnes.si\/files\/2019\/04\/Izbor-u\u010dbenikov-delovnih-zvezkov-in-potreb\u0161\u010din-ki-jih-za-\u0161ol.-l.-2020-21-predlaga-strokovni-aktiv.pdf\">Izbor u\u010dbenikov, delovnih zvezkov in potreb\u0161\u010din, ki jih za \u0161ol. l. 2020 21 predlaga strokovni aktiv<\/a><\/li>\n<\/ul>\n<p><span style=\"color: #000000\"><a style=\"color: #000000\" href=\"http:\/\/staritrgobkolpi.splet.arnes.si\/files\/2019\/04\/POSLOVNIK-SVETA-STAR\u0160EV-27.-november-2019.pdf\">POSLOVNIK SVETA STAR\u0160EV 27. november 201<\/a>9<\/span><\/p>\n<p>&nbsp;<\/p>\n<p><span style=\"color: #000000\"><strong>\u0160olsko leto 2018\/2019:<\/strong><\/span><\/p>\n<ul>\n<li><span style=\"color: #000000\"><a style=\"color: #000000\" href=\"http:\/\/staritrgobkolpi.splet.arnes.si\/files\/2019\/06\/Zapisnik-1-sestanka-sveta-star\u0161ev.pdf\">Zapisnik 1. sestanka sveta star\u0161ev<\/a><\/span><\/li>\n<li><span style=\"color: #000000\"><a style=\"color: #000000\" href=\"http:\/\/staritrgobkolpi.splet.arnes.si\/files\/2019\/06\/Zapisnik-2-seje-sveta-star\u0161ev.pdf\">Zapisnik 2. seje sveta star\u0161ev<\/a><\/span><\/li>\n<li><span style=\"color: #000000\"><a style=\"color: #000000\" href=\"http:\/\/staritrgobkolpi.splet.arnes.si\/files\/2019\/06\/Zapisnik-3-sestanka-sveta-star\u0161ev.pdf\">Zapisnik 3. seje sveta star\u0161ev<\/a><\/span><\/li>\n<li><span style=\"color: #000000\"><a style=\"color: #000000\" href=\"http:\/\/staritrgobkolpi.splet.arnes.si\/files\/2019\/06\/Zapisnik-4-sestanka-sveta-star\u0161ev.pdf\">Zapisnik 4. sestanka sveta star\u0161ev<\/a><\/span><\/li>\n<li><span style=\"color: #000000\"><a style=\"color: #000000\" href=\"http:\/\/staritrgobkolpi.splet.arnes.si\/files\/2019\/06\/Zapisnik-5-seje-sveta-star\u0161ev.pdf\">Zapisnik 5. sestanka sveta star\u0161ev<\/a><\/span><\/li>\n<li><span style=\"color: #000000\"><a style=\"color: #000000\" href=\"http:\/\/staritrgobkolpi.splet.arnes.si\/files\/2019\/10\/ZAPISNIK-6.-SVETA-STAR\u0160EV-2019-6.6.2019-1.pdf\">Zapisnik 6. sestanka sveta star\u0161ev<\/a><\/span><\/li>\n<\/ul>\n<p>&nbsp;<\/p>\n","protected":false},"excerpt":{"rendered":"<p>\u010clani sveta star\u0161ev: \u010clan Oddelek Ana Arn\u0161ek VVE \u2013 prvo starostno obdobje Marija Konda VVE \u2013 drugo starostno obdobje Nika Majerle 1. in 2. razred Luka Hobi\u0107 3. in 4. [&hellip;]<\/p>\n","protected":false},"author":17327,"featured_media":0,"parent":0,"menu_order":0,"comment_status":"closed","ping_status":"closed","template":"","meta":{"ngg_post_thumbnail":0,"footnotes":""},"class_list":["post-7513","page","type-page","status-publish","hentry"],"_links":{"self":[{"href":"https:\/\/os-stari-trg-ok.si\/index.php?rest_route=\/wp\/v2\/pages\/7513","targetHints":{"allow":["GET"]}}],"collection":[{"href":"https:\/\/os-stari-trg-ok.si\/index.php?rest_route=\/wp\/v2\/pages"}],"about":[{"href":"https:\/\/os-stari-trg-ok.si\/index.php?rest_route=\/wp\/v2\/types\/page"}],"author":[{"embeddable":true,"href":"https:\/\/os-stari-trg-ok.si\/index.php?rest_route=\/wp\/v2\/users\/17327"}],"replies":[{"embeddable":true,"href":"https:\/\/os-stari-trg-ok.si\/index.php?rest_route=%2Fwp%2Fv2%2Fcomments&post=7513"}],"version-history":[{"count":18,"href":"https:\/\/os-stari-trg-ok.si\/index.php?rest_route=\/wp\/v2\/pages\/7513\/revisions"}],"predecessor-version":[{"id":21827,"href":"https:\/\/os-stari-trg-ok.si\/index.php?rest_route=\/wp\/v2\/pages\/7513\/revisions\/21827"}],"wp:attachment":[{"href":"https:\/\/os-stari-trg-ok.si\/index.php?rest_route=%2Fwp%2Fv2%2Fmedia&parent=7513"}],"curies":[{"name":"wp","href":"https:\/\/api.w.org\/{rel}","templated":true}]}}