{"id":7517,"date":"2019-04-08T10:54:33","date_gmt":"2019-04-08T08:54:33","guid":{"rendered":"http:\/\/staritrgobkolpi.splet.arnes.si\/?page_id=7517"},"modified":"2025-12-23T12:47:08","modified_gmt":"2025-12-23T11:47:08","slug":"svet-zavoda","status":"publish","type":"page","link":"https:\/\/os-stari-trg-ok.si\/?page_id=7517","title":{"rendered":"Svet zavoda"},"content":{"rendered":"<p>Pedago\u0161ki vodja in poslovodni organ zavoda je ravnatelj <strong>Darjan Grudnik<\/strong>.<\/p>\n<p>Sestavlja ga 11 \u010dlanov.<\/p>\n<table style=\"border-collapse: collapse;width: 515px;text-align: left;height: 464px\">\n<tbody>\n<tr>\n<th style=\"border: 1px solid #ccc;padding: 8px;background: #4f8f3f;color: #fff\">&nbsp;<\/th>\n<th style=\"border: 1px solid #ccc;padding: 8px;background: #4f8f3f;color: #fff\">\u010clan<\/th>\n<\/tr>\n<p><!-- Predstavniki ustanovitelja --><\/p>\n<tr style=\"background-color: #d9efd4\">\n<td style=\"border: 1px solid #ccc;padding: 8px;font-weight: bold;vertical-align: top\" rowspan=\"3\">Predstavniki ustanovitelja<\/td>\n<td style=\"border: 1px solid #ccc;padding: 8px\">Renata Butala<\/td>\n<\/tr>\n<tr>\n<td style=\"border: 1px solid #ccc;padding: 8px\">Dario \u0160ari\u010d<\/td>\n<\/tr>\n<tr style=\"background-color: #d9efd4\">\n<td style=\"border: 1px solid #ccc;padding: 8px\">Emil Miheli\u010d<\/td>\n<\/tr>\n<p><!-- Predstavniki delavcev zavoda --><\/p>\n<tr>\n<td style=\"border: 1px solid #ccc;padding: 8px;font-weight: bold;vertical-align: top\" rowspan=\"5\">Predstavniki delavcev zavoda<\/td>\n<td style=\"border: 1px solid #ccc;padding: 8px\">Rok Rotar<\/td>\n<\/tr>\n<tr style=\"background-color: #d9efd4\">\n<td style=\"border: 1px solid #ccc;padding: 8px\">Darja Vesel<\/td>\n<\/tr>\n<tr>\n<td style=\"border: 1px solid #ccc;padding: 8px\">Mojca Breznik<\/td>\n<\/tr>\n<tr style=\"background-color: #d9efd4\">\n<td style=\"border: 1px solid #ccc;padding: 8px\">Ga\u0161per Miheli\u010d<\/td>\n<\/tr>\n<tr>\n<td style=\"border: 1px solid #ccc;padding: 8px\">Andreja Sveti\u010d<\/td>\n<\/tr>\n<p><!-- Predstavniki star\u0161ev --><\/p>\n<tr style=\"background-color: #d9efd4\">\n<td style=\"border: 1px solid #ccc;padding: 8px;font-weight: bold;vertical-align: top\" rowspan=\"3\">Predstavniki star\u0161ev<\/td>\n<td style=\"border: 1px solid #ccc;padding: 8px\">\u0160pela Veseli\u010d Gor\u0161i\u010d<\/td>\n<\/tr>\n<tr>\n<td style=\"border: 1px solid #ccc;padding: 8px\">Marija Konda<\/td>\n<\/tr>\n<tr style=\"background-color: #d9efd4\">\n<td style=\"border: 1px solid #ccc;padding: 8px\">Tina Majerle<\/td>\n<\/tr>\n<\/tbody>\n<\/table>\n<p>&nbsp;<br \/>\nPredsednik sveta zavoda je Ga\u0161per Miheli\u010d, njegova namestnica pa Renata Butala.<\/p>\n<h4 class=\"wp-block-heading has-medium-font-size fittexted_for_content_h2\">ZAPISNIKI SEJ SVETA ZAVODA<\/h4>\n<p><span style=\"color: #000000\"><a style=\"color: #000000\" href=\"https:\/\/os-stari-trg-ok.si\/files\/2022\/10\/ZAPISNIKA-2.-korespondencne-seje-Sveta-zavoda-OS-Stari-trg-ob-Kolpi.pdf\">Zapisnik&nbsp; 2. koresponden\u010dne seje 9.8.2022<\/a><\/span><\/p>\n<p><span style=\"color: #000000\"><a style=\"color: #000000\" href=\"https:\/\/os-stari-trg-ok.si\/files\/2022\/10\/Vabilo-na-2.-korespondencno-sejo-Sveta-zavoda.pdf\">Vabilo na 2. koresponden\u010dno sejo 9.8.2022<\/a><\/span><\/p>\n<p><span style=\"color: #000000\"><a style=\"color: #000000\" href=\"https:\/\/os-stari-trg-ok.si\/files\/2022\/10\/Zapisnik-3.tretje-redne-seje-Sveta-zavoda-OS-Stari-trg-ob-Kolpi-24.-2.-2022.pdf\">Zapisnik 3. redne seje 24.2.2022<\/a><\/span><\/p>\n<p><span style=\"color: #000000\"><a style=\"color: #000000\" href=\"https:\/\/os-stari-trg-ok.si\/files\/2022\/09\/Vabilo-na-3.-redno-sejo-Svta-zavoda-OS-Stari-trg-ob-Kolpi.pdf\">Vabilo na 3. redno sejo 24.2.2022<\/a><\/span><\/p>\n<p><span style=\"color: #000000\"><a style=\"color: #000000\" href=\"https:\/\/os-stari-trg-ok.si\/files\/2021\/10\/Poslovnik-Sveta-zavoda-O\u0160-Stari-trg-ob-Kolpi-sprejet-25-.2.-2021.pdf\">Poslovnik Sveta zavoda O\u0160 Stari trg ob Kolpi &#8211; sprejet 25 .2. 2021<\/a><\/span><\/p>\n<p><span style=\"color: #000000\"><a style=\"color: #000000\" href=\"https:\/\/os-stari-trg-ok.si\/files\/2022\/09\/Zapisnika-2-redne-seje-Sveta-zavoda-30-9-2021.pdf\">Zapisnik 2. redne seje 30.9.2021<\/a><\/span><\/p>\n<p><span style=\"color: #000000\"><a style=\"color: #000000\" href=\"https:\/\/os-stari-trg-ok.si\/files\/2022\/09\/VABILO-na-2.-drugo-redno-sejo-SVETA-ZAVODA-OS-Stari-trg-ob-Kolpi.pdf\">Vabilo na 2. redno sejo 30.9.2021<\/a><\/span><\/p>\n<p><span style=\"color: #000000\"><a style=\"color: #000000\" href=\"https:\/\/os-stari-trg-ok.si\/files\/2022\/09\/ZAPISNIK-1-KORESPONDENCNE-SEJE-SVETA-ZAVODA-9-2021.pdf\">Zapisnik&nbsp; 1. koresponden\u010dne seje 1.9.2021<\/a><\/span><\/p>\n<p><span style=\"color: #000000\"><a style=\"color: #000000\" href=\"https:\/\/os-stari-trg-ok.si\/files\/2022\/09\/VABILO-na-1.-korespondencno-sejo-SVETA-ZAVODA.pdf\">Vabilo na 1. koresponden\u010dno sejo 1.9.2021<\/a><\/span><\/p>\n<p><span style=\"color: #000000\"><a style=\"color: #000000\" href=\"https:\/\/os-stari-trg-ok.si\/files\/2022\/09\/Zapisnika-1-redne-seje-Sveta-zavoda-14-7-2022.pdf\">Zapisnik 1. redne seje 14.7.2021<\/a><\/span><\/p>\n<p><span style=\"color: #000000\"><a style=\"color: #000000\" href=\"https:\/\/os-stari-trg-ok.si\/files\/2022\/09\/Vabilo-na-1.-redno-sejo-sveta-zavoda-OS-Stari-trg-ob-Kolpi.pdf\">Vabilo na 1. redno sejo 14.7.2021<\/a><\/span><\/p>\n<p><span style=\"color: #000000\"><a style=\"color: #000000\" href=\"https:\/\/os-stari-trg-ok.si\/files\/2022\/09\/Zapisnika-12-korespondencne-seje-6-2021.pdf\">Zapisnik 12. <\/a><a style=\"color: #000000\" href=\"https:\/\/os-stari-trg-ok.si\/files\/2022\/09\/Zapisnika-12-korespondencne-seje-6-2021.pdf\"> koresponden\u010dne <\/a><a style=\"color: #000000\" href=\"https:\/\/os-stari-trg-ok.si\/files\/2022\/09\/Zapisnika-12-korespondencne-seje-6-2021.pdf\"> seje 29.6.2021<\/a><\/span><\/p>\n<p><span style=\"color: #000000\"><a style=\"color: #000000\" href=\"https:\/\/os-stari-trg-ok.si\/files\/2022\/09\/Vabilo-na-12.-korespondencno-sejo-Sveta-zavoda-OS-Stari-trg-ob-Kolpi.pdf\">Vabilo na 12. koresponden\u010dne seje 29.6.2021<\/a><\/span><\/p>\n<p><span style=\"color: #000000\"><a style=\"color: #000000\" href=\"https:\/\/os-stari-trg-ok.si\/files\/2022\/09\/ZAPISNIK-12-redne-seje-25-2-2021.pdf\">Zapisnik 12. redne seje 25.2.2021<\/a><\/span><\/p>\n<p><span style=\"color: #000000\"><a style=\"color: #000000\" href=\"https:\/\/os-stari-trg-ok.si\/files\/2022\/09\/Vabilo-na-12.-redno-sejo-sveta-zavoda-OS-Stari-trg-ob-Kolpi.pdf\">Vabilo na 12. redne seje 25.2.2021<\/a><\/span><\/p>\n<p><span style=\"color: #000000\"><a style=\"color: #000000\" href=\"http:\/\/staritrgobkolpi.splet.arnes.si\/files\/2019\/04\/Vabilo-na-10.-redno-sejo-Sveta-zavoda-O\u0160-Stari-trg-ob-Kolpi-.pdf\">Vabilo na 10. redno sejo Sveta zavoda O\u0160 Stari trg ob Kolpi<\/a><\/span><\/p>\n<p><a href=\"http:\/\/staritrgobkolpi.splet.arnes.si\/files\/2019\/04\/Vabilo-na-okroglo-mizo.pdf\"><span style=\"color: #800000\">Vabilo na okroglo mizo<\/span><\/a><\/p>\n<p>&nbsp;<\/p>\n<p>&nbsp;<\/p>\n<p>&nbsp;<\/p>\n","protected":false},"excerpt":{"rendered":"<p>Pedago\u0161ki vodja in poslovodni organ zavoda je ravnatelj Darjan Grudnik. Sestavlja ga 11 \u010dlanov. &nbsp; \u010clan Predstavniki ustanovitelja Renata Butala Dario \u0160ari\u010d Emil Miheli\u010d Predstavniki delavcev zavoda Rok Rotar Darja [&hellip;]<\/p>\n","protected":false},"author":17327,"featured_media":0,"parent":0,"menu_order":0,"comment_status":"closed","ping_status":"closed","template":"","meta":{"ngg_post_thumbnail":0,"footnotes":""},"class_list":["post-7517","page","type-page","status-publish","hentry"],"_links":{"self":[{"href":"https:\/\/os-stari-trg-ok.si\/index.php?rest_route=\/wp\/v2\/pages\/7517","targetHints":{"allow":["GET"]}}],"collection":[{"href":"https:\/\/os-stari-trg-ok.si\/index.php?rest_route=\/wp\/v2\/pages"}],"about":[{"href":"https:\/\/os-stari-trg-ok.si\/index.php?rest_route=\/wp\/v2\/types\/page"}],"author":[{"embeddable":true,"href":"https:\/\/os-stari-trg-ok.si\/index.php?rest_route=\/wp\/v2\/users\/17327"}],"replies":[{"embeddable":true,"href":"https:\/\/os-stari-trg-ok.si\/index.php?rest_route=%2Fwp%2Fv2%2Fcomments&post=7517"}],"version-history":[{"count":16,"href":"https:\/\/os-stari-trg-ok.si\/index.php?rest_route=\/wp\/v2\/pages\/7517\/revisions"}],"predecessor-version":[{"id":21829,"href":"https:\/\/os-stari-trg-ok.si\/index.php?rest_route=\/wp\/v2\/pages\/7517\/revisions\/21829"}],"wp:attachment":[{"href":"https:\/\/os-stari-trg-ok.si\/index.php?rest_route=%2Fwp%2Fv2%2Fmedia&parent=7517"}],"curies":[{"name":"wp","href":"https:\/\/api.w.org\/{rel}","templated":true}]}}