{"id":785,"date":"2016-04-06T12:06:51","date_gmt":"2016-04-06T10:06:51","guid":{"rendered":"http:\/\/staritrgobkolpi.splet.arnes.si\/?page_id=785"},"modified":"2025-11-13T10:31:53","modified_gmt":"2025-11-13T09:31:53","slug":"vstop-novincev-v-solo","status":"publish","type":"page","link":"https:\/\/os-stari-trg-ok.si\/?page_id=785","title":{"rendered":"Vpis v prvi razred in vstop novincev v \u0161olo"},"content":{"rendered":"<p><span style=\"color: #000000\"><u>Vpis v 1. razred<\/u><\/span><\/p>\n<p><span style=\"color: #000000\">Na podlagi 45. \u010dlena Zakona o osnovni \u0161oli (Zakon o osnovni \u0161oli (Uradni list RS, \u0161t.&nbsp;<a style=\"color: #000000\" href=\"http:\/\/www.uradni-list.si\/1\/objava.jsp?sop=2006-01-3535\">81\/06<\/a>&nbsp;\u2013 uradno pre\u010di\u0161\u010deno besedilo,&nbsp;<a style=\"color: #000000\" href=\"http:\/\/www.uradni-list.si\/1\/objava.jsp?sop=2007-01-5073\">102\/07<\/a>,&nbsp;<a style=\"color: #000000\" href=\"http:\/\/www.uradni-list.si\/1\/objava.jsp?sop=2010-01-5585\">107\/10<\/a>,&nbsp;<a style=\"color: #000000\" href=\"http:\/\/www.uradni-list.si\/1\/objava.jsp?sop=2011-01-3727\">87\/11<\/a>,&nbsp;<a style=\"color: #000000\" href=\"http:\/\/www.uradni-list.si\/1\/objava.jsp?sop=2012-01-1700\">40\/12<\/a>&nbsp;\u2013 ZUJF,&nbsp;<a style=\"color: #000000\" href=\"http:\/\/www.uradni-list.si\/1\/objava.jsp?sop=2013-01-2519\">63\/13<\/a>&nbsp;in&nbsp;<a style=\"color: #000000\" href=\"http:\/\/www.uradni-list.si\/1\/objava.jsp?sop=2016-01-1999\">46\/16<\/a>&nbsp;\u2013 ZOFVI-L), morajo star\u0161i v 1. razred osnovne \u0161ole vpisati otroke, ki bodo v koledarskem letu, v katerem bodo za\u010deli obiskovati \u0161olo, dopolnili starost 6 let. Vpis otrok v 1. razred osnovne \u0161ole podrobneje ureja Uredba o merilih za oblikovanje javne mre\u017ee osnovnih \u0161ol in zavodov za vzgojo in izobra\u017eevanje otrok in mladostnikov s posebnimi potrebami ter javne mre\u017ee glasbenih \u0161ol (Uradni list RS, \u0161t. 16\/98, 27\/99 in 134\/03).<\/span><\/p>\n<p><span style=\"color: #000000\">Vpis v 1. razred poteka v mesecu februarju za naslednje \u0161olsko leto. Star\u0161i, katerih otroci imajo prijavljeno stalno ali za\u010dasno prebivali\u0161\u010de v okoli\u0161u na\u0161e \u0161ole, na dom prejmejo vabilo za vpis. \u010ce \u017eelijo star\u0161i vpisati otroka na drugo \u0161olo, se prav tako vpi\u0161ejo v na\u0161o \u0161olo, na drugo pa naslovijo pro\u0161njo za vpis.<\/span><\/p>\n<p><strong>Za \u0161olsko leto 2026\/2027 bomo vpisali otroke, ki so rojeni leta 2020. Na vpis bodo star\u0161i vabljeni v februarju 2026.<\/strong><\/p>\n<p><strong><span style=\"color: #000000\"><a style=\"color: #000000\" href=\"https:\/\/os-stari-trg-ok.si\/files\/2021\/12\/Prehod-otrok-iz-vrtca-v-\u0161olo.pdf\">Prehod otrok iz vrtca v \u0161olo<\/a><\/span><\/strong><\/p>\n<p><strong>POGOJI ZA VPIS<\/strong><\/p>\n<p>Star\u0161i morajo v 1. razred osnovne \u0161ole vpisati otroke, ki bodo v koledarskem letu, v katerem bodo za\u010deli obiskovati \u0161olo, dopolnili starost 6 let.<\/p>\n<p>UGOTAVLJANJE PRIPRAVLJENOSTI<\/p>\n<p>Ob vpisu otroka v osnovno \u0161olo se lahko na \u017eeljo star\u0161ev ugotavlja pripravljenost otroka za vstop v&nbsp; \u0161olo.<\/p>\n<p>\u010ce star\u0161i predlagajo odlo\u017eitev \u0161olanja, ker menijo, da njihov otrok ni pripravljen za vstop v \u0161olo, oziroma, \u010de odlo\u017eitev \u0161olanja predlaga zdravstvena slu\u017eba, je ugotavljanje pripravljenosti otroka za vstop v \u0161olo obvezno.<\/p>\n<p>ODLO\u017dITEV \u0160OLANJA<\/p>\n<p>Otroku se lahko pri\u010detek \u0161olanja na predlog star\u0161ev, zdravstvene slu\u017ebe ali komisije za usmerjanje odlo\u017ei za eno leto, \u010de se ugotovi, da otrok ni pripravljen za vstop v \u0161olo.<\/p>\n<p>U\u010dencu se lahko tudi med \u0161olskim letom v prvem razredu na predlog \u0161olske svetovalne slu\u017ebe, zdravstvene slu\u017ebe ali komisije za usmerjanje v soglasju s star\u0161i iz zdravstvenih in drugih razlogov odlo\u017ei \u0161olanje za eno leto.<\/p>\n<p>O odlo\u017eitvi za\u010detka \u0161olanja in odlo\u017eitvi \u0161olanja med \u0161olskim letom v prvem razredu odlo\u010di ravnatelj na podlagi obrazlo\u017eenega mnenja strokovne komisije, ki jo imenuje ravnatelj in jo sestavljajo \u0161olski zdravnik, svetovalni delavec in vzgojitelj oz. u\u010ditelj.<\/p>\n<p>Vloga za odlo\u017eitev \u0161olanja se nahaja v <a href=\"http:\/\/staritrgobkolpi.splet.arnes.si\/files\/2020\/12\/vloga-za-odlo\u017eitev-\u0161olanja-obrazec.doc\">priponki<\/a>.<\/p>\n<p>\u0160OLSKI OKOLI\u0160<\/p>\n<p>Star\u0161i vpi\u0161ejo otroka v javno ali v zasebno osnovno \u0161olo s koncesijo v \u0161olskem okoli\u0161u, v katerem otrok stalno ali za\u010dasno prebiva.<\/p>\n<p>V drugo osnovno \u0161olo lahko star\u0161i vpi\u0161ejo otroka, \u010de ta \u0161ola s tem sogla\u0161a.<\/p>\n<p>Postopek prepisa v drugo \u0161olo je dolo\u010den v 6. \u010dlenu Uredbe o merilih za oblikovanje javne mre\u017ee osnovnih \u0161ol, javne mre\u017ee osnovnih \u0161ol in zavodov za vzgojo in izobra\u017eevanje otrok in mladostnikov s posebnimi potrebami ter javne mre\u017ee glasbenih \u0161ol.<\/p>\n<p>V primeru, da star\u0161i \u017eelite otroka prepisati na drugo \u0161olo ( &nbsp;v drugem \u0161olskem okoli\u0161u), a otrok spada v na\u0161 \u0161olski okoli\u0161:<\/p>\n<ul>\n<li>obvezno vpi\u0161ite otroka pri nas<\/li>\n<li>na izbrano \u0161olo najkasneje v 14 dneh po izteku roka za vpis naslovite vlogo, v kateri navedite razloge za pre\u0161olanje<\/li>\n<\/ul>\n<p>Enak postopek velja za star\u0161e, ki \u017eelite otroka prepisati v na\u0161o \u0161olo in ne \u017eivite v na\u0161em \u0161olskem okoli\u0161u. O soglasju k prepisu se medsebojno dogovorita mati\u010dna \u0161ola in \u0161ola, kamor \u017eelite vpisati otroka.<\/p>\n","protected":false},"excerpt":{"rendered":"<p>Vpis v 1. razred Na podlagi 45. \u010dlena Zakona o osnovni \u0161oli (Zakon o osnovni \u0161oli (Uradni list RS, \u0161t.&nbsp;81\/06&nbsp;\u2013 uradno pre\u010di\u0161\u010deno besedilo,&nbsp;102\/07,&nbsp;107\/10,&nbsp;87\/11,&nbsp;40\/12&nbsp;\u2013 ZUJF,&nbsp;63\/13&nbsp;in&nbsp;46\/16&nbsp;\u2013 ZOFVI-L), morajo star\u0161i v 1. razred [&hellip;]<\/p>\n","protected":false},"author":7697,"featured_media":0,"parent":0,"menu_order":0,"comment_status":"closed","ping_status":"closed","template":"","meta":{"ngg_post_thumbnail":0,"footnotes":""},"class_list":["post-785","page","type-page","status-publish","hentry"],"_links":{"self":[{"href":"https:\/\/os-stari-trg-ok.si\/index.php?rest_route=\/wp\/v2\/pages\/785","targetHints":{"allow":["GET"]}}],"collection":[{"href":"https:\/\/os-stari-trg-ok.si\/index.php?rest_route=\/wp\/v2\/pages"}],"about":[{"href":"https:\/\/os-stari-trg-ok.si\/index.php?rest_route=\/wp\/v2\/types\/page"}],"author":[{"embeddable":true,"href":"https:\/\/os-stari-trg-ok.si\/index.php?rest_route=\/wp\/v2\/users\/7697"}],"replies":[{"embeddable":true,"href":"https:\/\/os-stari-trg-ok.si\/index.php?rest_route=%2Fwp%2Fv2%2Fcomments&post=785"}],"version-history":[{"count":17,"href":"https:\/\/os-stari-trg-ok.si\/index.php?rest_route=\/wp\/v2\/pages\/785\/revisions"}],"predecessor-version":[{"id":21261,"href":"https:\/\/os-stari-trg-ok.si\/index.php?rest_route=\/wp\/v2\/pages\/785\/revisions\/21261"}],"wp:attachment":[{"href":"https:\/\/os-stari-trg-ok.si\/index.php?rest_route=%2Fwp%2Fv2%2Fmedia&parent=785"}],"curies":[{"name":"wp","href":"https:\/\/api.w.org\/{rel}","templated":true}]}}