{"id":787,"date":"2016-04-06T12:08:56","date_gmt":"2016-04-06T10:08:56","guid":{"rendered":"http:\/\/staritrgobkolpi.splet.arnes.si\/?page_id=787"},"modified":"2025-11-13T10:29:12","modified_gmt":"2025-11-13T09:29:12","slug":"informacije-o-srednjih-solah","status":"publish","type":"page","link":"https:\/\/os-stari-trg-ok.si\/?page_id=787","title":{"rendered":"Karierna orientacija"},"content":{"rendered":"<p><strong><span style=\"color: #000000\">Splo\u0161ne informacije za star\u0161e.&nbsp; <\/span><\/strong><\/p>\n<p><strong>Karierna orientacija<\/strong><\/p>\n<p>Dragi u\u010denci in star\u0161i!<\/p>\n<p>Odlo\u010ditev o nadaljnjem \u0161olanju pomeni prvo veliko prelomnico v mladostnikovem \u017eivljenju. Zato je pomembno, da si u\u010denci vzamejo dovolj \u010dasa in zberejo \u010dim ve\u010d informacij, ki jih bodo pripeljale do najbolj\u0161e izbire. Vlo\u017eeni trud in izbira srednje \u0161ole bosta vplivala na njihovo \u017eivljenje.<\/p>\n<p>U\u010dencem in star\u0161em pri odlo\u010danju, izbiri in vpisu v srednjo \u0161olo nudi pomo\u010d svetovalna delavka mag. Andreja Rade (07 3055102, 051 205 159).<\/p>\n<p>U\u010dencem bodo v pomo\u010d tudi teko\u010de informacije, ki jih lahko spremljajo na oglasni deski za poklicno orientacijo pri pisarni \u0161olske svetovalne slu\u017ebe.<\/p>\n<p><a href=\"https:\/\/os-stari-trg-ok.si\/files\/2025\/11\/Poklicno-usmerjenje-rokovnik-2026-27.pdf\">ROKOVNIK 2026\/27<\/a><\/p>\n<p><strong><em>Nikoli ti niso bile dane sanje, ne da bi ti bila dana tudi mo\u010d, da jih uresni\u010di\u0161.<\/em><\/strong><\/p>\n<p><strong><em>&nbsp;(Richard Bach)<\/em><\/strong><\/p>\n<p>&nbsp;<\/p>\n<table width=\"596\">\n<tbody>\n<tr>\n<td width=\"139\">&nbsp;<\/td>\n<td colspan=\"2\" width=\"457\">&nbsp;<\/td>\n<\/tr>\n<tr>\n<td width=\"139\"><strong>PREDSTAVITEV POKLICEV<\/strong><\/td>\n<td colspan=\"2\" width=\"457\"><a href=\"https:\/\/www.mojaizbira.si\/poklici\">https:\/\/www.mojaizbira.si\/poklici<\/a><\/p>\n<p><a href=\"https:\/\/www.ess.gov.si\/ncips\/opisi-poklicev\">https:\/\/www.ess.gov.si\/ncips\/opisi-poklicev<\/a><\/p>\n<p><a href=\"https:\/\/karierniplac.si\/asset\/RhD9ACr3PSgGj25sx\">https:\/\/karierniplac.si\/asset\/RhD9ACr3PSgGj25sx<\/a><\/p>\n<p><a href=\"https:\/\/www.youtube.com\/results?search_query=to+bo+moj+poklic\">https:\/\/www.youtube.com\/results?search_query=to+bo+moj+poklic<\/a><\/p>\n<p>&nbsp;<\/p>\n<p>&nbsp;<\/td>\n<\/tr>\n<tr>\n<td rowspan=\"2\" width=\"139\"><strong>RAZPIS ZA VPIS V SREDNJO \u0160OLO<\/strong><\/td>\n<td width=\"231\"><em>\u0160olsko leto 2026\/27<\/em><\/td>\n<td width=\"226\">&nbsp;<\/td>\n<\/tr>\n<tr>\n<td width=\"231\">&nbsp;<\/td>\n<td width=\"226\">&nbsp;<\/td>\n<\/tr>\n<tr>\n<td width=\"139\"><strong>PRAVILNIK O VPISU V SREDNJO \u0160OLO<\/strong><\/td>\n<td colspan=\"2\" width=\"457\"><a href=\"http:\/\/www.pisrs.si\/Pis.web\/pregledPredpisa?id=PRAV13435\">http:\/\/www.pisrs.si\/Pis.web\/pregledPredpisa?id=PRAV13435<\/a><\/td>\n<\/tr>\n<tr>\n<td width=\"139\"><strong>ROKOVNIK \u2013 DATUMI<\/strong><\/td>\n<td colspan=\"2\" width=\"457\"><a href=\"https:\/\/os-stari-trg-ok.si\/files\/2025\/11\/Poklicno-usmerjenje-rokovnik-2026-27.pdf\">ROKOVNIK.pdf<\/a>&nbsp; &nbsp; &nbsp;<\/td>\n<\/tr>\n<tr>\n<td width=\"139\"><strong>\u0160TIPENDIJE<\/strong><\/td>\n<td colspan=\"2\" width=\"457\"><a href=\"https:\/\/www.gov.si\/podrocja\/izobrazevanje-znanost-in-sport\/stipendije\/\">https:\/\/www.gov.si\/podrocja\/izobrazevanje-znanost-in-sport\/stipendije\/<\/a><\/p>\n<p><a href=\"https:\/\/www.srips-rs.si\/stipendije\">https:\/\/www.srips-rs.si\/stipendije<\/a><\/p>\n<p><a href=\"http:\/\/www.uradni-list.si\/1\/content?id=113765\">http:\/\/www.uradni-list.si\/1\/content?id=113765<\/a><\/p>\n<p>&nbsp;<\/td>\n<\/tr>\n<tr>\n<td width=\"139\"><strong>VAJENI\u0160TVO<\/strong><\/td>\n<td colspan=\"2\" width=\"457\"><a href=\"https:\/\/www.gzs.si\/vajenistvo\">https:\/\/www.gzs.si\/vajenistvo<\/a><\/p>\n<p><a href=\"https:\/\/www.youtube.com\/watch?v=aZwzva2SgGQ\">https:\/\/www.youtube.com\/watch?v=aZwzva2SgGQ<\/a><\/p>\n<p><a href=\"https:\/\/www.youtube.com\/watch?v=QBmaigfumRA\">https:\/\/www.youtube.com\/watch?v=QBmaigfumRA<\/a><\/p>\n<p><a href=\"https:\/\/www.youtube.com\/watch?v=2omrw6IJ0K8\">https:\/\/www.youtube.com\/watch?v=2omrw6IJ0K8<\/a><\/p>\n<p>&nbsp;<\/td>\n<\/tr>\n<tr>\n<td width=\"139\"><strong>SREDNJE \u0160OLE \u2013 SEZNAM Z&nbsp; NASLOVI<\/strong><\/td>\n<td colspan=\"2\" width=\"457\">&nbsp;<\/p>\n<p><a href=\"https:\/\/dijaski.net\/srednje-sole\/srednje-sole-v-sloveniji\">https:\/\/dijaski.net\/srednje-sole\/srednje-sole-v-sloveniji<\/a><\/p>\n<p><a href=\"https:\/\/slovenskesrednjesole.si\/\">https:\/\/slovenskesrednjesole.si<\/a><\/p>\n<p>&nbsp;<\/td>\n<\/tr>\n<tr>\n<td width=\"139\"><strong>POMEMBNE SPLETNE STRANI<\/strong><\/td>\n<td colspan=\"2\"><a href=\"http:\/\/www.mojaizbira.si\/\">http:\/\/www.mojaizbira.si\/<\/a><\/p>\n<p><a href=\"https:\/\/www.gov.si\/teme\/vpis-v-srednjo-solo\/\">https:\/\/www.gov.si\/teme\/vpis-v-srednjo-solo\/<\/a><\/td>\n<\/tr>\n<tr>\n<td width=\"139\"><strong>GRADIVO ZA POMO\u010c STAR\u0160EM PRI KARIERNI ORIENTACIJI<\/strong><\/td>\n<td colspan=\"2\" width=\"457\"><a href=\"https:\/\/www.kariera-mladi.si\/gradiva-orodja-in-spletne-povezave\/\">https:\/\/www.kariera-mladi.si\/gradiva-orodja-in-spletne-povezave\/<\/a><\/td>\n<\/tr>\n<\/tbody>\n<\/table>\n<p><strong>&nbsp;<\/strong><\/p>\n<ol start=\"8\">\n<li><strong>RAZRED<\/strong><\/li>\n<\/ol>\n<p>V osmem razredu se za\u010dne intenzivnej\u0161a poklicna orientacija v drugem ocenjevalnem obdobju, ko u\u010dence seznanimo s srednje\u0161olskim izobra\u017eevalnim sistemom, z dejavniki poklicnega izbora, s poklicnim ka\u017eipotom in spletno stranjo Moja izbira (<a href=\"http:\/\/www.mojaizbira.si\/\">www.mojaizbira.si<\/a>), na kateri lahko dobijo ve\u010d informacij o nadaljnji izobra\u017eevalni, poklicni in s tem tudi \u017eivljenjski poti. Osmo\u0161olci imajo mo\u017enost re\u0161evanja interaktivnega ra\u010dunalni\u0161kega vpra\u0161alnika&nbsp;Kam in kako. V spomladanskem \u010dasu bodo imeli \u0161e tehni\u0161ki dan na temo poklicne orientacije.<\/p>\n<ol start=\"9\">\n<li><strong> RAZRED<\/strong><\/li>\n<\/ol>\n<p>V devetem razredu u\u010dence seznanimo s srednje\u0161olskimi programi, postopki vpisa in \u0161tipendijami, sproti jih obve\u0161\u010damo o novostih, povezanih s srednjimi \u0161olami. V jesenskem \u010dasu bodo imeli razredno uro ter tehni\u0161ki dan na temo poklicne orientacije.<\/p>\n<p><strong>Aktivnosti:<\/strong><\/p>\n<ul>\n<li>pogovor z u\u010denci o dejavnikih izbire poklicne poti, informiranje u\u010dencev o koristnih virih informacij;<\/li>\n<li>spletni vpra\u0161alnik o poklicni poti (izvede se v mesecu oktobru ali novembru): namenjen je ugotavljanju notranje motivacije u\u010denca, njegovih interesov in je podlaga za individualno svetovanje u\u010dencu;<\/li>\n<li>predstavitev rokovnika, novosti na podro\u010dju \u0161tipendij in srednje\u0161olskih programov u\u010dencem in star\u0161em;<\/li>\n<li>oddel\u010dni roditeljski sestanek in predavanje na temo karierne orientacije<\/li>\n<li>timski sestanki: pogovor o namerah zapisanih v anketnem vpra\u0161alnik \u2013 tim sestavljajo \u0161olska svetovalna delavka, razrednik;<\/li>\n<li>predstavitev razpisa za vpis v srednje \u0161ole u\u010dencem in star\u0161em;<\/li>\n<li>izpolnjevanje vpisnih listov skupaj z u\u010denci.<\/li>\n<\/ul>\n<p>Skozi celo \u0161olsko leto imajo u\u010denci mo\u017enost individualnih razgovorov pri \u0161olski svetovalni delavki.<\/p>\n<p>&nbsp;<\/p>\n<p>&nbsp;<\/p>\n","protected":false},"excerpt":{"rendered":"<p>Splo\u0161ne informacije za star\u0161e.&nbsp; Karierna orientacija Dragi u\u010denci in star\u0161i! Odlo\u010ditev o nadaljnjem \u0161olanju pomeni prvo veliko prelomnico v mladostnikovem \u017eivljenju. Zato je pomembno, da si u\u010denci vzamejo dovolj \u010dasa [&hellip;]<\/p>\n","protected":false},"author":7697,"featured_media":0,"parent":0,"menu_order":0,"comment_status":"closed","ping_status":"closed","template":"","meta":{"ngg_post_thumbnail":0,"footnotes":""},"class_list":["post-787","page","type-page","status-publish","hentry"],"_links":{"self":[{"href":"https:\/\/os-stari-trg-ok.si\/index.php?rest_route=\/wp\/v2\/pages\/787","targetHints":{"allow":["GET"]}}],"collection":[{"href":"https:\/\/os-stari-trg-ok.si\/index.php?rest_route=\/wp\/v2\/pages"}],"about":[{"href":"https:\/\/os-stari-trg-ok.si\/index.php?rest_route=\/wp\/v2\/types\/page"}],"author":[{"embeddable":true,"href":"https:\/\/os-stari-trg-ok.si\/index.php?rest_route=\/wp\/v2\/users\/7697"}],"replies":[{"embeddable":true,"href":"https:\/\/os-stari-trg-ok.si\/index.php?rest_route=%2Fwp%2Fv2%2Fcomments&post=787"}],"version-history":[{"count":19,"href":"https:\/\/os-stari-trg-ok.si\/index.php?rest_route=\/wp\/v2\/pages\/787\/revisions"}],"predecessor-version":[{"id":21258,"href":"https:\/\/os-stari-trg-ok.si\/index.php?rest_route=\/wp\/v2\/pages\/787\/revisions\/21258"}],"wp:attachment":[{"href":"https:\/\/os-stari-trg-ok.si\/index.php?rest_route=%2Fwp%2Fv2%2Fmedia&parent=787"}],"curies":[{"name":"wp","href":"https:\/\/api.w.org\/{rel}","templated":true}]}}